{"id":9373,"date":"2022-07-24T19:26:24","date_gmt":"2022-07-24T19:26:24","guid":{"rendered":"https:\/\/eurolink.ee\/14-day-return-policy\/"},"modified":"2023-02-13T09:03:19","modified_gmt":"2023-02-13T09:03:19","slug":"14-paivan-palautusoikeus","status":"publish","type":"page","link":"https:\/\/eurolink.ee\/fi\/14-paivan-palautusoikeus\/","title":{"rendered":"14 p\u00e4iv\u00e4n palautusoikeus"},"content":{"rendered":"\t\t<div data-elementor-type=\"wp-page\" data-elementor-id=\"9373\" class=\"elementor elementor-9373 elementor-3414\">\n\t\t\t\t\t\t\t\t\t<section class=\"elementor-section elementor-top-section elementor-element elementor-element-714a071 elementor-section-boxed elementor-section-height-default elementor-section-height-default xts-section-disabled\" data-id=\"714a071\" data-element_type=\"section\">\n\t\t\t\t\t\t<div class=\"elementor-container elementor-column-gap-default\">\n\t\t\t\t\t<div class=\"elementor-column elementor-col-100 elementor-top-column elementor-element elementor-element-3351672\" data-id=\"3351672\" data-element_type=\"column\">\n\t\t\t<div class=\"elementor-widget-wrap elementor-element-populated\">\n\t\t\t\t\t\t\t\t<div class=\"elementor-element elementor-element-45a09e0 xts-scheme-inherit xts-textalign-inherit elementor-widget elementor-widget-text-editor\" data-id=\"45a09e0\" data-element_type=\"widget\" data-widget_type=\"text-editor.default\">\n\t\t\t\t<div class=\"elementor-widget-container\">\n\t\t\t<style>\/*! elementor - v3.14.0 - 26-06-2023 *\/\n.elementor-widget-text-editor.elementor-drop-cap-view-stacked .elementor-drop-cap{background-color:#69727d;color:#fff}.elementor-widget-text-editor.elementor-drop-cap-view-framed .elementor-drop-cap{color:#69727d;border:3px solid;background-color:transparent}.elementor-widget-text-editor:not(.elementor-drop-cap-view-default) .elementor-drop-cap{margin-top:8px}.elementor-widget-text-editor:not(.elementor-drop-cap-view-default) .elementor-drop-cap-letter{width:1em;height:1em}.elementor-widget-text-editor .elementor-drop-cap{float:left;text-align:center;line-height:1;font-size:50px}.elementor-widget-text-editor .elementor-drop-cap-letter{display:inline-block}<\/style>\t\t\t\t<ul class=\"bulletlist\"><li><p>Kuluttajalla on oikeus peruuttaa myyntisopimus 14 (nelj\u00e4toista) p\u00e4iv\u00e4n kuluessa tuotteen toimituksesta. Oikeus peruuttaa myyntisopimus ei koske verkkokaupassa valittuja lis\u00e4kustannuksia asiakkaan valitseman toimitustavan vuoksi.<\/p><\/li><li><p>Myyntisopimuksen peruutuksessa tuote on oltava kokonaan uutta ja sen tulee sis\u00e4lt\u00e4\u00e4 kaikki tarvikkeet ja alkuper\u00e4inen pakkaus (suojapinnoitteita ei saa poistaa).<\/p><\/li><li><p>Erityistilauksesta tehtyj\u00e4 tuotteita ei voi palauttaa; n\u00e4m\u00e4 tuotteet on merkitty erikseen &#8221;erityistilaus.&#8221;<\/p><\/li><li><p>Palautetuista tai puutteellisista tuotteista, Myyj\u00e4ll\u00e4 on oikeus hyl\u00e4t\u00e4 Ostajan peruutuspyynt\u00f6 tai v\u00e4hent\u00e4\u00e4 tuotteen arvon alenemiskustannukset palautettavasta ostosumman m\u00e4\u00e4r\u00e4st\u00e4 Ostajalle.<\/p><\/li><li><p>Jos Ostaja ei palauta tuotteita 14 p\u00e4iv\u00e4n sis\u00e4ll\u00e4 peruutusilmoituksen j\u00e4tt\u00e4misest\u00e4, Myyj\u00e4ll\u00e4 on oikeus hyl\u00e4t\u00e4 peruutusilmoitus.<\/p><\/li><li><p>Peruutuspyynt\u00f6 ja myyntisopimuksen peruutus voidaan ilmoittaa asiakaspalvelulle l\u00e4hetetyst\u00e4 s\u00e4hk\u00f6postista osoitteeseen eurolink@eurolink.ee.<\/p><\/li><li><p>Myyntisopimuksen peruuttaessa tuotteet voidaan palauttaa Eurolink O\u00dc -liikkeeseen osoitteessa Mustam\u00e4e tee 6b, Tallinna. Ostajan t\u00e4ytyy kattaa tuotteiden palautuskulut. Jos tuotteen kunto heikkenee, Ostajalle t\u00e4ytyy vastata arvon alenemisesta.<\/p><\/li><li><p>Ostosumma palautetaan 14 p\u00e4iv\u00e4n kuluessa tuotteen saapumisesta takaisin Myyj\u00e4lle. EUROLINK O\u00dc palauttaa varat samalla maksutavalla, jota Ostaja k\u00e4ytti maksaessaan. Luottokortilla tehdyss\u00e4 maksussa on l\u00e4hetett\u00e4v\u00e4 peruutuspyynt\u00f6 maksukeskukselle.<\/p><\/li><\/ul>\t\t\t\t\t\t<\/div>\n\t\t\t\t<\/div>\n\t\t\t\t\t<\/div>\n\t\t<\/div>\n\t\t\t\t\t\t\t<\/div>\n\t\t<\/section>\n\t\t\t\t\t\t\t<\/div>\n\t\t","protected":false},"excerpt":{"rendered":"<p>Kuluttajalla on oikeus peruuttaa myyntisopimus 14 (nelj\u00e4toista) p\u00e4iv\u00e4n kuluessa tuotteen toimituksesta. Oikeus peruuttaa myyntisopimus ei koske verkkokaupassa valittuja lis\u00e4kustannuksia asiakkaan valitseman toimitustavan vuoksi. Myyntisopimuksen peruutuksessa tuote on oltava kokonaan uutta ja sen tulee sis\u00e4lt\u00e4\u00e4 kaikki tarvikkeet ja alkuper\u00e4inen pakkaus (suojapinnoitteita ei saa poistaa). Erityistilauksesta tehtyj\u00e4 tuotteita ei voi palauttaa; n\u00e4m\u00e4 tuotteet on merkitty erikseen &#8221;erityistilaus.&#8221; [&hellip;]<\/p>\n","protected":false},"author":1,"featured_media":0,"parent":0,"menu_order":0,"comment_status":"closed","ping_status":"closed","template":"","meta":{"_monsterinsights_skip_tracking":false,"_monsterinsights_sitenote_active":false,"_monsterinsights_sitenote_note":"","_monsterinsights_sitenote_category":0},"_links":{"self":[{"href":"https:\/\/eurolink.ee\/fi\/wp-json\/wp\/v2\/pages\/9373"}],"collection":[{"href":"https:\/\/eurolink.ee\/fi\/wp-json\/wp\/v2\/pages"}],"about":[{"href":"https:\/\/eurolink.ee\/fi\/wp-json\/wp\/v2\/types\/page"}],"author":[{"embeddable":true,"href":"https:\/\/eurolink.ee\/fi\/wp-json\/wp\/v2\/users\/1"}],"replies":[{"embeddable":true,"href":"https:\/\/eurolink.ee\/fi\/wp-json\/wp\/v2\/comments?post=9373"}],"version-history":[{"count":6,"href":"https:\/\/eurolink.ee\/fi\/wp-json\/wp\/v2\/pages\/9373\/revisions"}],"predecessor-version":[{"id":11263,"href":"https:\/\/eurolink.ee\/fi\/wp-json\/wp\/v2\/pages\/9373\/revisions\/11263"}],"wp:attachment":[{"href":"https:\/\/eurolink.ee\/fi\/wp-json\/wp\/v2\/media?parent=9373"}],"curies":[{"name":"wp","href":"https:\/\/api.w.org\/{rel}","templated":true}]}}