{"id":9378,"date":"2020-01-21T15:27:30","date_gmt":"2020-01-21T15:27:30","guid":{"rendered":"https:\/\/eurolink.ee\/about-us\/"},"modified":"2023-02-13T08:37:47","modified_gmt":"2023-02-13T08:37:47","slug":"meista","status":"publish","type":"page","link":"https:\/\/eurolink.ee\/fi\/meista\/","title":{"rendered":"Meist\u00e4"},"content":{"rendered":"\t\t<div data-elementor-type=\"wp-page\" data-elementor-id=\"9378\" class=\"elementor elementor-9378 elementor-54\">\n\t\t\t\t\t\t\t\t\t<section class=\"elementor-section elementor-top-section elementor-element elementor-element-8d3b8bf elementor-section-boxed elementor-section-height-default elementor-section-height-default xts-section-disabled\" data-id=\"8d3b8bf\" data-element_type=\"section\">\n\t\t\t\t\t\t<div class=\"elementor-container elementor-column-gap-default\">\n\t\t\t\t\t<div class=\"elementor-column elementor-col-50 elementor-top-column elementor-element elementor-element-6ccbe7a\" data-id=\"6ccbe7a\" data-element_type=\"column\">\n\t\t\t<div class=\"elementor-widget-wrap elementor-element-populated\">\n\t\t\t\t\t\t\t\t<div class=\"elementor-element elementor-element-5b8df97 elementor-widget elementor-widget-xts_title\" data-id=\"5b8df97\" data-element_type=\"widget\" data-widget_type=\"xts_title.default\">\n\t\t\t\t<div class=\"elementor-widget-container\">\n\t\t\t\t\t\t<div class=\"xts-section-heading xts-reset-mb-10 xts-reset-last xts-textalign-left\" data-animation-delay=\"\">\r\n\t\t\t\t\r\n\t\t\t\t\r\n\t\t\t\t\r\n\t\t\t\t\t\t\t\t\t<div class=\"xts-section-desc\">\r\n\t\t\t\t\t\t<div class=\"xts-section-desc-text xts-reset-all-last\" data-elementor-setting-key=\"description\">\r\n\t\t\t\t\t\t\t<p>EUROLINK Oy on perustettu vuonna 2004 kokeneiden, eritt\u00e4in ammattitaitoisten ja luovien ty\u00f6ntekij\u00f6iden kanssa, joita yhdist\u00e4v\u00e4t yhteiset ideat, yhteishenki ja kiinnostus molempia osapuolia hy\u00f6dytt\u00e4v\u00e4\u00e4n yhteisty\u00f6h\u00f6n. Laajan kuluttaja- ja ammattik\u00e4ytt\u00f6\u00f6n tarkoitettujen laitteiden tukkumyynnin lis\u00e4ksi kuuluisilta maailman johtavilta br\u00e4ndeilt\u00e4, kuten LG Electronicsilt\u00e4 ja Panasonicilta, tarjoamme asiakkaillemme tavarantoimituksen, ammattimaisen asennuspalvelun ja takuukorjauksen.<\/p><p>Eurolink Ltd on Panasonicin visuaalisten j\u00e4rjestelmien (ammattimaiset projektorit ja n\u00e4yt\u00f6t) liikekumppani. Osallistumme t\u00e4rkeisiin elektroniikkatoimituksiin valtion ja yksityisten rakenteiden tarjouskilpailuihin ja pyrimme aina tarjoamaan edullisimmat ehdot. Eurolink on aina valmis uusiin kumppanuuksiin ja yhteisty\u00f6projekteihin.<\/p>\t\t\t\t\t\t<\/div>\r\n\t\t\t\t\t<\/div>\r\n\t\t\t\t\t\t\t<\/div>\r\n\t\t\t\t<\/div>\n\t\t\t\t<\/div>\n\t\t\t\t\t<\/div>\n\t\t<\/div>\n\t\t\t\t<div class=\"elementor-column elementor-col-50 elementor-top-column elementor-element elementor-element-09c0cdd\" data-id=\"09c0cdd\" data-element_type=\"column\">\n\t\t\t<div class=\"elementor-widget-wrap elementor-element-populated\">\n\t\t\t\t\t\t\t\t<div class=\"elementor-element elementor-element-9c35cdd elementor-widget elementor-widget-xts_image\" data-id=\"9c35cdd\" data-element_type=\"widget\" data-widget_type=\"xts_image.default\">\n\t\t\t\t<div class=\"elementor-widget-container\">\n\t\t\t\t\t\t<div class=\"xts-image-single xts-textalign-center\">\r\n\t\t\t\t<figure class=\"xts-image\">\r\n\t\t\t\t\t\t\t\t\t\t\t<div class=\"xts-image-inner\">\r\n\t\t\t\t\t\r\n\t\t\t\t\t\t<img width=\"300\" height=\"65\" src=\"https:\/\/eurolink.ee\/wp-content\/uploads\/2022\/07\/logo2-02-300x65.png\" class=\"attachment-medium size-medium wp-image-3277\" alt=\"\" decoding=\"async\" loading=\"lazy\" srcset=\"https:\/\/eurolink.ee\/wp-content\/uploads\/2022\/07\/logo2-02-300x65.png 300w, https:\/\/eurolink.ee\/wp-content\/uploads\/2022\/07\/logo2-02-1000x215.png 1000w, https:\/\/eurolink.ee\/wp-content\/uploads\/2022\/07\/logo2-02-768x165.png 768w, https:\/\/eurolink.ee\/wp-content\/uploads\/2022\/07\/logo2-02-1536x331.png 1536w, https:\/\/eurolink.ee\/wp-content\/uploads\/2022\/07\/logo2-02.png 1594w\" sizes=\"(max-width: 300px) 100vw, 300px\" \/>\r\n\t\t\t\t\t\t\t\t\t\t\t<\/div>\r\n\t\t\t\t\t\r\n\t\t\t\t\t\t\t\t\t<\/figure>\r\n\r\n\t\t\t\t\t\t\t<\/div>\r\n\t\t\t\t<\/div>\n\t\t\t\t<\/div>\n\t\t\t\t<div class=\"elementor-element elementor-element-e384b4b xts-scheme-inherit xts-textalign-inherit elementor-widget elementor-widget-text-editor\" data-id=\"e384b4b\" data-element_type=\"widget\" data-widget_type=\"text-editor.default\">\n\t\t\t\t<div class=\"elementor-widget-container\">\n\t\t\t<style>\/*! elementor - v3.14.0 - 26-06-2023 *\/\n.elementor-widget-text-editor.elementor-drop-cap-view-stacked .elementor-drop-cap{background-color:#69727d;color:#fff}.elementor-widget-text-editor.elementor-drop-cap-view-framed .elementor-drop-cap{color:#69727d;border:3px solid;background-color:transparent}.elementor-widget-text-editor:not(.elementor-drop-cap-view-default) .elementor-drop-cap{margin-top:8px}.elementor-widget-text-editor:not(.elementor-drop-cap-view-default) .elementor-drop-cap-letter{width:1em;height:1em}.elementor-widget-text-editor .elementor-drop-cap{float:left;text-align:center;line-height:1;font-size:50px}.elementor-widget-text-editor .elementor-drop-cap-letter{display:inline-block}<\/style>\t\t\t\t<p style=\"text-align: center;\">KONTAKTI<\/p><p style=\"text-align: center;\">Osoite: Harjumaa, Tallinnan kaupunki, Mustam\u00e4e tee 6b, 10621<br \/>Puhelin: +372 6997850<br \/>S\u00e4hk\u00f6posti: eurolink [at] eurolink.ee<br \/>Yritys: EUROLINK O\u00dc<br \/>Rekister\u00f6intikoodi: 11023464<\/p>\t\t\t\t\t\t<\/div>\n\t\t\t\t<\/div>\n\t\t\t\t\t<\/div>\n\t\t<\/div>\n\t\t\t\t\t\t\t<\/div>\n\t\t<\/section>\n\t\t\t\t<section class=\"elementor-section elementor-top-section elementor-element elementor-element-87de2bc elementor-section-boxed elementor-section-height-default elementor-section-height-default xts-section-disabled\" data-id=\"87de2bc\" data-element_type=\"section\">\n\t\t\t\t\t\t<div class=\"elementor-container elementor-column-gap-default\">\n\t\t\t\t\t<div class=\"elementor-column elementor-col-100 elementor-top-column elementor-element elementor-element-ef7148c\" data-id=\"ef7148c\" data-element_type=\"column\">\n\t\t\t<div class=\"elementor-widget-wrap elementor-element-populated\">\n\t\t\t\t\t\t\t\t<div class=\"elementor-element elementor-element-0683cbd elementor-widget elementor-widget-xts_product_brands\" data-id=\"0683cbd\" data-element_type=\"widget\" data-widget_type=\"xts_product_brands.default\">\n\t\t\t\t<div class=\"elementor-widget-container\">\n\t\t\t\t\t<div class=\"xts-brands xts-row xts-row-lg-3 xts-row-md-2 xts-row-1 xts-row-spacing-20 xts-autoplay-animations-off xts-design-default xts-scheme- xts-hover-none\"  data-animation-delay=\"\">\r\n\t\t\t\t\t\t\t\r\n\t\t\t\t<div class=\"xts-col\">\r\n\t\t\t\t\t\r\n<div class=\"xts-brand-item\">\r\n\t<a href=\"https:\/\/eurolink.ee\/fi\/brand\/technics-fi\/\" title=\"Technics\">\r\n\t\t\t\t\t<img width=\"180\" height=\"100\" src=\"https:\/\/eurolink.ee\/wp-content\/uploads\/2022\/07\/Technics-Logo1.png\" class=\"attachment-full size-full\" alt=\"\" decoding=\"async\" loading=\"lazy\" \/>\t\t\t<\/a>\r\n<\/div>\r\n\t\t\t\t<\/div>\r\n\t\t\t\t\t\t\t\r\n\t\t\t\t<div class=\"xts-col\">\r\n\t\t\t\t\t\r\n<div class=\"xts-brand-item\">\r\n\t<a href=\"https:\/\/eurolink.ee\/fi\/brand\/panasonic-fi\/\" title=\"Panasonic\">\r\n\t\t\t\t\t<img width=\"180\" height=\"100\" src=\"https:\/\/eurolink.ee\/wp-content\/uploads\/2022\/07\/panasonic.png\" class=\"attachment-full size-full\" alt=\"\" decoding=\"async\" loading=\"lazy\" \/>\t\t\t<\/a>\r\n<\/div>\r\n\t\t\t\t<\/div>\r\n\t\t\t\t\t\t\t\r\n\t\t\t\t<div class=\"xts-col\">\r\n\t\t\t\t\t\r\n<div class=\"xts-brand-item\">\r\n\t<a href=\"https:\/\/eurolink.ee\/fi\/brand\/lg-fi\/\" title=\"LG\">\r\n\t\t\t\t\t<img width=\"180\" height=\"100\" src=\"https:\/\/eurolink.ee\/wp-content\/uploads\/2022\/07\/lglogo.png\" class=\"attachment-full size-full\" alt=\"\" decoding=\"async\" loading=\"lazy\" \/>\t\t\t<\/a>\r\n<\/div>\r\n\t\t\t\t<\/div>\r\n\t\t\t\t\t<\/div>\r\n\t\t\t\t<\/div>\n\t\t\t\t<\/div>\n\t\t\t\t\t<\/div>\n\t\t<\/div>\n\t\t\t\t\t\t\t<\/div>\n\t\t<\/section>\n\t\t\t\t\t\t\t<\/div>\n\t\t","protected":false},"excerpt":{"rendered":"<p>EUROLINK Oy on perustettu vuonna 2004 kokeneiden, eritt\u00e4in ammattitaitoisten ja luovien ty\u00f6ntekij\u00f6iden kanssa, joita yhdist\u00e4v\u00e4t yhteiset ideat, yhteishenki ja kiinnostus molempia osapuolia hy\u00f6dytt\u00e4v\u00e4\u00e4n yhteisty\u00f6h\u00f6n. Laajan kuluttaja- ja ammattik\u00e4ytt\u00f6\u00f6n tarkoitettujen laitteiden tukkumyynnin lis\u00e4ksi kuuluisilta maailman johtavilta br\u00e4ndeilt\u00e4, kuten LG Electronicsilt\u00e4 ja Panasonicilta, tarjoamme asiakkaillemme tavarantoimituksen, ammattimaisen asennuspalvelun ja takuukorjauksen. Eurolink Ltd on Panasonicin visuaalisten j\u00e4rjestelmien (ammattimaiset [&hellip;]<\/p>\n","protected":false},"author":1,"featured_media":0,"parent":0,"menu_order":0,"comment_status":"closed","ping_status":"closed","template":"","meta":{"_monsterinsights_skip_tracking":false,"_monsterinsights_sitenote_active":false,"_monsterinsights_sitenote_note":"","_monsterinsights_sitenote_category":0},"_links":{"self":[{"href":"https:\/\/eurolink.ee\/fi\/wp-json\/wp\/v2\/pages\/9378"}],"collection":[{"href":"https:\/\/eurolink.ee\/fi\/wp-json\/wp\/v2\/pages"}],"about":[{"href":"https:\/\/eurolink.ee\/fi\/wp-json\/wp\/v2\/types\/page"}],"author":[{"embeddable":true,"href":"https:\/\/eurolink.ee\/fi\/wp-json\/wp\/v2\/users\/1"}],"replies":[{"embeddable":true,"href":"https:\/\/eurolink.ee\/fi\/wp-json\/wp\/v2\/comments?post=9378"}],"version-history":[{"count":17,"href":"https:\/\/eurolink.ee\/fi\/wp-json\/wp\/v2\/pages\/9378\/revisions"}],"predecessor-version":[{"id":11240,"href":"https:\/\/eurolink.ee\/fi\/wp-json\/wp\/v2\/pages\/9378\/revisions\/11240"}],"wp:attachment":[{"href":"https:\/\/eurolink.ee\/fi\/wp-json\/wp\/v2\/media?parent=9378"}],"curies":[{"name":"wp","href":"https:\/\/api.w.org\/{rel}","templated":true}]}}