{"id":9390,"date":"2022-07-24T19:32:01","date_gmt":"2022-07-24T19:32:01","guid":{"rendered":"https:\/\/eurolink.ee\/delivery\/"},"modified":"2022-11-29T15:54:10","modified_gmt":"2022-11-29T15:54:10","slug":"delivery","status":"publish","type":"page","link":"https:\/\/eurolink.ee\/fi\/delivery\/","title":{"rendered":"Toimitus\u00a0"},"content":{"rendered":"\t\t<div data-elementor-type=\"wp-page\" data-elementor-id=\"9390\" class=\"elementor elementor-9390 elementor-3421\">\n\t\t\t\t\t\t\t\t\t<section class=\"elementor-section elementor-top-section elementor-element elementor-element-38d50bf elementor-section-boxed elementor-section-height-default elementor-section-height-default xts-section-disabled\" data-id=\"38d50bf\" data-element_type=\"section\">\n\t\t\t\t\t\t<div class=\"elementor-container elementor-column-gap-default\">\n\t\t\t\t\t<div class=\"elementor-column elementor-col-20 elementor-top-column elementor-element elementor-element-a17bcfa\" data-id=\"a17bcfa\" data-element_type=\"column\">\n\t\t\t<div class=\"elementor-widget-wrap elementor-element-populated\">\n\t\t\t\t\t\t\t\t<div class=\"elementor-element elementor-element-9e054cb xts-scheme-inherit xts-textalign-inherit elementor-widget elementor-widget-text-editor\" data-id=\"9e054cb\" data-element_type=\"widget\" data-widget_type=\"text-editor.default\">\n\t\t\t\t<div class=\"elementor-widget-container\">\n\t\t\t<style>\/*! elementor - v3.14.0 - 26-06-2023 *\/\n.elementor-widget-text-editor.elementor-drop-cap-view-stacked .elementor-drop-cap{background-color:#69727d;color:#fff}.elementor-widget-text-editor.elementor-drop-cap-view-framed .elementor-drop-cap{color:#69727d;border:3px solid;background-color:transparent}.elementor-widget-text-editor:not(.elementor-drop-cap-view-default) .elementor-drop-cap{margin-top:8px}.elementor-widget-text-editor:not(.elementor-drop-cap-view-default) .elementor-drop-cap-letter{width:1em;height:1em}.elementor-widget-text-editor .elementor-drop-cap{float:left;text-align:center;line-height:1;font-size:50px}.elementor-widget-text-editor .elementor-drop-cap-letter{display:inline-block}<\/style>\t\t\t\t<p><img decoding=\"async\" loading=\"lazy\" class=\"alignnone size-large wp-image-11004\" src=\"https:\/\/new.eurolink.ee\/wp-content\/uploads\/2022\/11\/smartpost_itella-blue-logo_RGB_transparent_backgr_180321-1000x327.png\" alt=\"\" width=\"1000\" height=\"327\" srcset=\"https:\/\/eurolink.ee\/wp-content\/uploads\/2022\/11\/smartpost_itella-blue-logo_RGB_transparent_backgr_180321-1000x327.png 1000w, https:\/\/eurolink.ee\/wp-content\/uploads\/2022\/11\/smartpost_itella-blue-logo_RGB_transparent_backgr_180321-300x98.png 300w, https:\/\/eurolink.ee\/wp-content\/uploads\/2022\/11\/smartpost_itella-blue-logo_RGB_transparent_backgr_180321-768x251.png 768w, https:\/\/eurolink.ee\/wp-content\/uploads\/2022\/11\/smartpost_itella-blue-logo_RGB_transparent_backgr_180321.png 1400w\" sizes=\"(max-width: 1000px) 100vw, 1000px\" \/><\/p>\n\t\t\t\t\t\t<\/div>\n\t\t\t\t<\/div>\n\t\t\t\t\t<\/div>\n\t\t<\/div>\n\t\t\t\t<div class=\"elementor-column elementor-col-20 elementor-top-column elementor-element elementor-element-4e853ba\" data-id=\"4e853ba\" data-element_type=\"column\">\n\t\t\t<div class=\"elementor-widget-wrap elementor-element-populated\">\n\t\t\t\t\t\t\t\t<div class=\"elementor-element elementor-element-f437075 xts-scheme-inherit xts-textalign-inherit elementor-widget elementor-widget-text-editor\" data-id=\"f437075\" data-element_type=\"widget\" data-widget_type=\"text-editor.default\">\n\t\t\t\t<div class=\"elementor-widget-container\">\n\t\t\t\t\t\t\t<p><img decoding=\"async\" loading=\"lazy\" class=\"alignnone size-full wp-image-11046 aligncenter\" src=\"https:\/\/new.eurolink.ee\/wp-content\/uploads\/2022\/11\/tn_en-flag-1.png\" alt=\"\" width=\"120\" height=\"74\" \/><\/p>\n<p style=\"text-align: center;\">Arvioitu toimitusaika<\/p>\n<p style=\"text-align: center;\">1 p\u00e4iv\u00e4<\/p>\n\t\t\t\t\t\t<\/div>\n\t\t\t\t<\/div>\n\t\t\t\t\t<\/div>\n\t\t<\/div>\n\t\t\t\t<div class=\"elementor-column elementor-col-20 elementor-top-column elementor-element elementor-element-24d5a39\" data-id=\"24d5a39\" data-element_type=\"column\">\n\t\t\t<div class=\"elementor-widget-wrap elementor-element-populated\">\n\t\t\t\t\t\t\t\t<div class=\"elementor-element elementor-element-98dcbc8 xts-scheme-inherit xts-textalign-inherit elementor-widget elementor-widget-text-editor\" data-id=\"98dcbc8\" data-element_type=\"widget\" data-widget_type=\"text-editor.default\">\n\t\t\t\t<div class=\"elementor-widget-container\">\n\t\t\t\t\t\t\t<p><img decoding=\"async\" loading=\"lazy\" class=\"alignnone size-full wp-image-11023 aligncenter\" src=\"https:\/\/new.eurolink.ee\/wp-content\/uploads\/2022\/11\/tn_fi-flag.gif\" alt=\"\" width=\"120\" height=\"74\" \/><\/p>\n<p style=\"text-align: center;\">Arvioitu toimitusaika<\/p>\n<p style=\"text-align: center;\">2-6 p\u00e4iv\u00e4\u00e4<\/p>\n\t\t\t\t\t\t<\/div>\n\t\t\t\t<\/div>\n\t\t\t\t\t<\/div>\n\t\t<\/div>\n\t\t\t\t<div class=\"elementor-column elementor-col-20 elementor-top-column elementor-element elementor-element-4f134c4\" data-id=\"4f134c4\" data-element_type=\"column\">\n\t\t\t<div class=\"elementor-widget-wrap elementor-element-populated\">\n\t\t\t\t\t\t\t\t<div class=\"elementor-element elementor-element-5398c4f xts-scheme-inherit xts-textalign-inherit elementor-widget elementor-widget-text-editor\" data-id=\"5398c4f\" data-element_type=\"widget\" data-widget_type=\"text-editor.default\">\n\t\t\t\t<div class=\"elementor-widget-container\">\n\t\t\t\t\t\t\t<p><img decoding=\"async\" loading=\"lazy\" class=\"size-full wp-image-11038 aligncenter\" src=\"https:\/\/new.eurolink.ee\/wp-content\/uploads\/2022\/11\/tn_lg-flag.png\" alt=\"\" width=\"120\" height=\"74\" \/><\/p>\n<p style=\"text-align: center;\">Arvioitu toimitusaika<\/p>\n<p style=\"text-align: center;\">2-3 p\u00e4iv\u00e4\u00e4<\/p>\n\t\t\t\t\t\t<\/div>\n\t\t\t\t<\/div>\n\t\t\t\t\t<\/div>\n\t\t<\/div>\n\t\t\t\t<div class=\"elementor-column elementor-col-20 elementor-top-column elementor-element elementor-element-a2b9b99\" data-id=\"a2b9b99\" data-element_type=\"column\">\n\t\t\t<div class=\"elementor-widget-wrap elementor-element-populated\">\n\t\t\t\t\t\t\t\t<div class=\"elementor-element elementor-element-1c0e02d xts-scheme-inherit xts-textalign-inherit elementor-widget elementor-widget-text-editor\" data-id=\"1c0e02d\" data-element_type=\"widget\" data-widget_type=\"text-editor.default\">\n\t\t\t\t<div class=\"elementor-widget-container\">\n\t\t\t\t\t\t\t<p><img decoding=\"async\" loading=\"lazy\" class=\"alignnone size-full wp-image-11053 aligncenter\" src=\"https:\/\/new.eurolink.ee\/wp-content\/uploads\/2022\/11\/tn_lh-flag.png\" alt=\"\" width=\"120\" height=\"74\" \/><\/p>\n<p style=\"text-align: center;\">Arvioitu toimitusaika<\/p>\n<p style=\"text-align: center;\">2-3 p\u00e4iv\u00e4\u00e4<\/p>\n\t\t\t\t\t\t<\/div>\n\t\t\t\t<\/div>\n\t\t\t\t\t<\/div>\n\t\t<\/div>\n\t\t\t\t\t\t\t<\/div>\n\t\t<\/section>\n\t\t\t\t<section class=\"elementor-section elementor-top-section elementor-element elementor-element-285a6c2 elementor-section-boxed elementor-section-height-default elementor-section-height-default xts-section-disabled\" data-id=\"285a6c2\" data-element_type=\"section\">\n\t\t\t\t\t\t<div class=\"elementor-container elementor-column-gap-default\">\n\t\t\t\t\t<div class=\"elementor-column elementor-col-100 elementor-top-column elementor-element elementor-element-e10f92b\" data-id=\"e10f92b\" data-element_type=\"column\">\n\t\t\t<div class=\"elementor-widget-wrap elementor-element-populated\">\n\t\t\t\t\t\t\t\t<div class=\"elementor-element elementor-element-6611b4e elementor-widget-divider--view-line elementor-widget elementor-widget-divider\" data-id=\"6611b4e\" data-element_type=\"widget\" data-widget_type=\"divider.default\">\n\t\t\t\t<div class=\"elementor-widget-container\">\n\t\t\t<style>\/*! elementor - v3.14.0 - 26-06-2023 *\/\n.elementor-widget-divider{--divider-border-style:none;--divider-border-width:1px;--divider-color:#0c0d0e;--divider-icon-size:20px;--divider-element-spacing:10px;--divider-pattern-height:24px;--divider-pattern-size:20px;--divider-pattern-url:none;--divider-pattern-repeat:repeat-x}.elementor-widget-divider .elementor-divider{display:flex}.elementor-widget-divider .elementor-divider__text{font-size:15px;line-height:1;max-width:95%}.elementor-widget-divider .elementor-divider__element{margin:0 var(--divider-element-spacing);flex-shrink:0}.elementor-widget-divider .elementor-icon{font-size:var(--divider-icon-size)}.elementor-widget-divider .elementor-divider-separator{display:flex;margin:0;direction:ltr}.elementor-widget-divider--view-line_icon .elementor-divider-separator,.elementor-widget-divider--view-line_text .elementor-divider-separator{align-items:center}.elementor-widget-divider--view-line_icon .elementor-divider-separator:after,.elementor-widget-divider--view-line_icon .elementor-divider-separator:before,.elementor-widget-divider--view-line_text .elementor-divider-separator:after,.elementor-widget-divider--view-line_text .elementor-divider-separator:before{display:block;content:\"\";border-bottom:0;flex-grow:1;border-top:var(--divider-border-width) var(--divider-border-style) var(--divider-color)}.elementor-widget-divider--element-align-left .elementor-divider .elementor-divider-separator>.elementor-divider__svg:first-of-type{flex-grow:0;flex-shrink:100}.elementor-widget-divider--element-align-left .elementor-divider-separator:before{content:none}.elementor-widget-divider--element-align-left .elementor-divider__element{margin-left:0}.elementor-widget-divider--element-align-right .elementor-divider .elementor-divider-separator>.elementor-divider__svg:last-of-type{flex-grow:0;flex-shrink:100}.elementor-widget-divider--element-align-right .elementor-divider-separator:after{content:none}.elementor-widget-divider--element-align-right .elementor-divider__element{margin-right:0}.elementor-widget-divider:not(.elementor-widget-divider--view-line_text):not(.elementor-widget-divider--view-line_icon) .elementor-divider-separator{border-top:var(--divider-border-width) var(--divider-border-style) var(--divider-color)}.elementor-widget-divider--separator-type-pattern{--divider-border-style:none}.elementor-widget-divider--separator-type-pattern.elementor-widget-divider--view-line .elementor-divider-separator,.elementor-widget-divider--separator-type-pattern:not(.elementor-widget-divider--view-line) .elementor-divider-separator:after,.elementor-widget-divider--separator-type-pattern:not(.elementor-widget-divider--view-line) .elementor-divider-separator:before,.elementor-widget-divider--separator-type-pattern:not([class*=elementor-widget-divider--view]) .elementor-divider-separator{width:100%;min-height:var(--divider-pattern-height);-webkit-mask-size:var(--divider-pattern-size) 100%;mask-size:var(--divider-pattern-size) 100%;-webkit-mask-repeat:var(--divider-pattern-repeat);mask-repeat:var(--divider-pattern-repeat);background-color:var(--divider-color);-webkit-mask-image:var(--divider-pattern-url);mask-image:var(--divider-pattern-url)}.elementor-widget-divider--no-spacing{--divider-pattern-size:auto}.elementor-widget-divider--bg-round{--divider-pattern-repeat:round}.rtl .elementor-widget-divider .elementor-divider__text{direction:rtl}.e-con-inner>.elementor-widget-divider,.e-con>.elementor-widget-divider{width:var(--container-widget-width,100%);--flex-grow:var(--container-widget-flex-grow)}<\/style>\t\t<div class=\"elementor-divider\">\n\t\t\t<span class=\"elementor-divider-separator\">\n\t\t\t\t\t\t<\/span>\n\t\t<\/div>\n\t\t\t\t<\/div>\n\t\t\t\t<\/div>\n\t\t\t\t\t<\/div>\n\t\t<\/div>\n\t\t\t\t\t\t\t<\/div>\n\t\t<\/section>\n\t\t\t\t<section class=\"elementor-section elementor-top-section elementor-element elementor-element-59556f8 elementor-section-boxed elementor-section-height-default elementor-section-height-default xts-section-disabled\" data-id=\"59556f8\" data-element_type=\"section\">\n\t\t\t\t\t\t<div class=\"elementor-container elementor-column-gap-default\">\n\t\t\t\t\t<div class=\"elementor-column elementor-col-100 elementor-top-column elementor-element elementor-element-e4f986d\" data-id=\"e4f986d\" data-element_type=\"column\">\n\t\t\t<div class=\"elementor-widget-wrap elementor-element-populated\">\n\t\t\t\t\t\t\t\t<div class=\"elementor-element elementor-element-ba62280 xts-scheme-inherit xts-textalign-inherit elementor-widget elementor-widget-text-editor\" data-id=\"ba62280\" data-element_type=\"widget\" data-widget_type=\"text-editor.default\">\n\t\t\t\t<div class=\"elementor-widget-container\">\n\t\t\t\t\t\t\t<p style=\"text-align: center;\">Kuriiripalvelu on ovelta ovelle -palvelua, mik\u00e4 tarkoittaa, ett\u00e4 kuriirimme toimittavat paketit asiakkaan asunnon ovelle asti. Koronaviruksen levi\u00e4misen vuoksi olemme kuitenkin p\u00e4\u00e4tt\u00e4neet tarjota asiakkaalle mahdollisuuden saada paketti halutessaan ulkona. T\u00e4m\u00e4 tarkoittaa, ett\u00e4 kuriiri kysyy ennen asiakkaan luokse saapumista puhelimitse, haluaako asiakas paketin tuovan asunnon ovelle vai haluaako h\u00e4n tulla ulos.<\/p>\n\t\t\t\t\t\t<\/div>\n\t\t\t\t<\/div>\n\t\t\t\t\t<\/div>\n\t\t<\/div>\n\t\t\t\t\t\t\t<\/div>\n\t\t<\/section>\n\t\t\t\t\t\t\t<\/div>\n\t\t","protected":false},"excerpt":{"rendered":"<p>Arvioitu toimitusaika 1 p\u00e4iv\u00e4 Arvioitu toimitusaika 2-6 p\u00e4iv\u00e4\u00e4 Arvioitu toimitusaika 2-3 p\u00e4iv\u00e4\u00e4 Arvioitu toimitusaika 2-3 p\u00e4iv\u00e4\u00e4 Kuriiripalvelu on ovelta ovelle -palvelua, mik\u00e4 tarkoittaa, ett\u00e4 kuriirimme toimittavat paketit asiakkaan asunnon ovelle asti. Koronaviruksen levi\u00e4misen vuoksi olemme kuitenkin p\u00e4\u00e4tt\u00e4neet tarjota asiakkaalle mahdollisuuden saada paketti halutessaan ulkona. T\u00e4m\u00e4 tarkoittaa, ett\u00e4 kuriiri kysyy ennen asiakkaan luokse saapumista puhelimitse, haluaako [&hellip;]<\/p>\n","protected":false},"author":1,"featured_media":0,"parent":0,"menu_order":0,"comment_status":"closed","ping_status":"closed","template":"","meta":{"_monsterinsights_skip_tracking":false,"_monsterinsights_sitenote_active":false,"_monsterinsights_sitenote_note":"","_monsterinsights_sitenote_category":0},"_links":{"self":[{"href":"https:\/\/eurolink.ee\/fi\/wp-json\/wp\/v2\/pages\/9390"}],"collection":[{"href":"https:\/\/eurolink.ee\/fi\/wp-json\/wp\/v2\/pages"}],"about":[{"href":"https:\/\/eurolink.ee\/fi\/wp-json\/wp\/v2\/types\/page"}],"author":[{"embeddable":true,"href":"https:\/\/eurolink.ee\/fi\/wp-json\/wp\/v2\/users\/1"}],"replies":[{"embeddable":true,"href":"https:\/\/eurolink.ee\/fi\/wp-json\/wp\/v2\/comments?post=9390"}],"version-history":[{"count":5,"href":"https:\/\/eurolink.ee\/fi\/wp-json\/wp\/v2\/pages\/9390\/revisions"}],"predecessor-version":[{"id":11087,"href":"https:\/\/eurolink.ee\/fi\/wp-json\/wp\/v2\/pages\/9390\/revisions\/11087"}],"wp:attachment":[{"href":"https:\/\/eurolink.ee\/fi\/wp-json\/wp\/v2\/media?parent=9390"}],"curies":[{"name":"wp","href":"https:\/\/api.w.org\/{rel}","templated":true}]}}