{"id":10123,"date":"2022-08-09T19:42:30","date_gmt":"2022-08-09T19:42:30","guid":{"rendered":"https:\/\/eurolink.ee\/product\/panasonic-tx-55lz980e-55-4k-oled-smart-television\/"},"modified":"2024-02-21T18:19:59","modified_gmt":"2024-02-21T18:19:59","slug":"panasonic-tx-55lz980e-55-4k-oled-smart-television","status":"publish","type":"product","link":"https:\/\/eurolink.ee\/fi\/tuote\/panasonic-tx-55lz980e-55-4k-oled-smart-television\/","title":{"rendered":"Panasonic TX-55LZ980E 55&#8243; 4K OLED Smart Television"},"content":{"rendered":"<div class=\"product--description\">\n<p><strong>OLED &amp; HCX Pro AI Processor<\/strong>\u00a0&#8211; 4K OLED TVs have individually illuminated cells, to create natural colour and high contrast \u2013 where black, really is black. In parallel, our HCX Pro AI Processor instantly analyses the picture; finesses colour accuracy, contrast and clarity for step-up picture performance.<\/p>\n<p>&nbsp;<\/p>\n<p><strong>Dolby Atmos\u00ae<\/strong>\u00a0&#8211; found in the newest cinemas, and on our premium TVs expresses sound with astonishing clarity, richness and depth. Sound effects are precisely placed in virtual space and time to envelope you in the atmosphere.<\/p>\n<p><strong>Cinema Surround Pro<\/strong>\u00a0&#8211; accompanies the great picture to take you from sofa to the heart of the movie. Integrated speakers and audio processing deliver immersive sound &#8211; elevating entertainment to new levels.<\/p>\n<p>&nbsp;<\/p>\n<p><strong>Auto AI<\/strong>\u00a0&#8211; Using AI, our premium TVs analyse the incoming signal and instantly adjust the picture characteristics. Auto AI knows the settings for sport, filmic scenes, and more &#8211; so makes them for you. Just sit back and enjoy the performance.<\/p>\n<p><strong>Advanced intelligent sensing<\/strong>\u00a0&#8211; detecting the ambient room light colour temperature in addition to the room light brightness, adjusts the picture to deliver a more natural experience when, for example, watching under warm-coloured lights at nighttime.<\/p>\n<p>&nbsp;<\/p>\n<p><strong>Multi HDR Format<\/strong>\u00a0&#8211; By supporting all HDR (High Dynamic Range) formats our premium TVs assure the best possible performance &#8211; regardless of picture source. Brightness and colour are optimised scene-by-scene; whether the source is Dolby Vision, HLG, HDR10 or the new HDR10+ Adaptive format.<\/p>\n<p><strong>Dolby Vision\u00ae IQ<\/strong>\u00a0&#8211; Intelligently optimises your TV for a perfect picture in your room at every moment. Whether your living room is completely dark or brightly lit, Dolby Vision IQ dynamically adjusts to the changing light in the room and delivers the best viewing experience possible.<\/p>\n<p>&nbsp;<\/p>\n<p><strong>Filmmaker mode with intelligent sensing<\/strong>\u00a0&#8211; Electronics brands and leading movie directors created Filmmaker Mode. A single button sets the film\u2019s colour palette, contrast, aspect ratio and frame rate as the director envisaged. The picture automatically adjusts even if light levels change.<\/p>\n<p><strong>Netflix Adaptive Calibrated Mode<\/strong>\u00a0\u2013 Get the best picture from Netflix, see their high quality 4K shows in your home as the director intended. With intelligent sensing, it adjusts images according to the ambient brightness, so you can enjoy in any lighting environment.<\/p>\n<p>&nbsp;<\/p>\n<p>Did you know that you can easily cast Netflix shows from your smartphone to your Panasonic TV? Just connect both devices to WiFi, tap on the Cast icon, and ready to go. Why don\u2019t you give it a try with \u2018Stranger Things\u2019?<\/p>\n<p><strong>My Home Screen 7.0<\/strong>\u00a0&#8211; Heightens accessibility and ease of use for our Smart TV. Users can access and customize popular settings with a single button press. Pin favourites, like video streaming apps, to your Home Screen to see only what you use.<\/p>\n<p>&nbsp;<\/p>\n<p><strong>my Scenery<\/strong>\u00a0&#8211; Our new premium TVs can elevate your mood even when not actively watching. With my Scenery you can choose a selection of restful images and videos, or set your own, to reflect your mood or time of day. Perfect for mindfulness sessions or preparing for bed.<\/p>\n<p><strong>Quickly access entertainment, get answers on screen, control smart devices, and more using your voice<\/strong>\u00a0&#8211; just ask Google.<\/p>\n<p>&nbsp;<\/p>\n<p>Alexa built-in is supported on selected models of 2022 TVs. Ask for the weather forecast, enjoy shopping at Amazon, play music and conduct intuitive operation of smart home devices by simply talking into the TV remote.<\/p>\n<p><strong>Game Mode Extreme<\/strong>\u00a0&#8211; Game Mode Extreme means our new 4K OLED TV is ready for action. While support HDMI 2.1 with High Frame Rates (HFR),Variable Refresh Rate (VRR) and AMD FreeSync Premium for new levels of realism, demanded by the latest gaming devices.<\/p>\n<p>&nbsp;<\/p>\n<p><strong>Game Control Board<\/strong>\u00a0&#8211; Enjoy easier and more intuitive game settings when connecting gaming devices into the TV via HDMI. Our new Game Control Board displays detailed game-related information and you can easily check the setting statu. To make your gaming experience even smoother, this can be accessed by 1 action if assigned to the My APP button.<\/p>\n<p>&nbsp;<\/p>\n<\/div>\n<div class=\"product--properties panel has--border\">\n<table class=\"product--properties-table\">\n<tbody>\n<tr class=\"product--properties-row\">\n<td class=\"product--properties-label is--bold\">Product Type:<\/td>\n<td class=\"product--properties-value\">Television<\/td>\n<\/tr>\n<tr class=\"product--properties-row\">\n<td class=\"product--properties-label is--bold\">Colour:<\/td>\n<td class=\"product--properties-value\">Black<\/td>\n<\/tr>\n<tr class=\"product--properties-row\">\n<td class=\"product--properties-label is--bold\">Manufacturer&#8217;s guarantee:<\/td>\n<td class=\"product--properties-value\">5 Years Guarantee (Once registered)<\/td>\n<\/tr>\n<tr class=\"product--properties-row\">\n<td class=\"product--properties-label is--bold\">Technology:<\/td>\n<td class=\"product--properties-value\">4K Ultra HD<\/td>\n<\/tr>\n<tr class=\"product--properties-row\">\n<td class=\"product--properties-label is--bold\">Built in Dvd player:<\/td>\n<td class=\"product--properties-value\">No<\/td>\n<\/tr>\n<tr class=\"product--properties-row\">\n<td class=\"product--properties-label is--bold\">Screen size:<\/td>\n<td class=\"product--properties-value\">55 &#8221;<\/td>\n<\/tr>\n<tr class=\"product--properties-row\">\n<td class=\"product--properties-label is--bold\">Energy efficiency:<\/td>\n<td class=\"product--properties-value\">G<\/td>\n<\/tr>\n<tr class=\"product--properties-row\">\n<td class=\"product--properties-label is--bold\">Tuners:<\/td>\n<td class=\"product--properties-value\">Freeview HD<\/td>\n<\/tr>\n<tr class=\"product--properties-row\">\n<td class=\"product--properties-label is--bold\">Smart:<\/td>\n<td class=\"product--properties-value\">Yes<\/td>\n<\/tr>\n<tr class=\"product--properties-row\">\n<td class=\"product--properties-label is--bold\">Smart Platform:<\/td>\n<td class=\"product--properties-value\">Android TV<\/td>\n<\/tr>\n<tr class=\"product--properties-row\">\n<td class=\"product--properties-label is--bold\">Catch up services \/Apps:<\/td>\n<td class=\"product--properties-value\">Amazon Video, Apple TV, BBC iPlayer, ITV Player, All 4, Demand 5, BritBox, Disney +, Freeview-Play, Netflix, Rakuten Tv, YouTube<\/td>\n<\/tr>\n<tr class=\"product--properties-row\">\n<td class=\"product--properties-label is--bold\">HDR:<\/td>\n<td class=\"product--properties-value\">Yes<\/td>\n<\/tr>\n<tr class=\"product--properties-row\">\n<td class=\"product--properties-label is--bold\">Motion flow:<\/td>\n<td class=\"product--properties-value\">Smooth Motion Drive Pro<\/td>\n<\/tr>\n<tr class=\"product--properties-row\">\n<td class=\"product--properties-label is--bold\">Chromecast:<\/td>\n<td class=\"product--properties-value\">Easy Mirroring<\/td>\n<\/tr>\n<tr class=\"product--properties-row\">\n<td class=\"product--properties-label is--bold\">Bluetooth:<\/td>\n<td class=\"product--properties-value\">Yes<\/td>\n<\/tr>\n<tr class=\"product--properties-row\">\n<td class=\"product--properties-label is--bold\">Anti-Reflection:<\/td>\n<td class=\"product--properties-value\">Dolby Vision iQ<\/td>\n<\/tr>\n<tr class=\"product--properties-row\">\n<td class=\"product--properties-label is--bold\">Resolution:<\/td>\n<td class=\"product--properties-value\">3840 x 2160p<\/td>\n<\/tr>\n<tr class=\"product--properties-row\">\n<td class=\"product--properties-label is--bold\">Picture Processor:<\/td>\n<td class=\"product--properties-value\">HCX Pro Al Processor<\/td>\n<\/tr>\n<tr class=\"product--properties-row\">\n<td class=\"product--properties-label is--bold\">Colour Enhancement:<\/td>\n<td class=\"product--properties-value\">Wide Colour Spectrum<\/td>\n<\/tr>\n<tr class=\"product--properties-row\">\n<td class=\"product--properties-label is--bold\">Audio Format:<\/td>\n<td class=\"product--properties-value\">Dolby Atmos<\/td>\n<\/tr>\n<tr class=\"product--properties-row\">\n<td class=\"product--properties-label is--bold\">Audio Enhancements:<\/td>\n<td class=\"product--properties-value\">Cinema Surround Pro<\/td>\n<\/tr>\n<tr class=\"product--properties-row\">\n<td class=\"product--properties-label is--bold\">Virtual Assistant Supported:<\/td>\n<td class=\"product--properties-value\">Alexa, Google Assistant<\/td>\n<\/tr>\n<tr class=\"product--properties-row\">\n<td class=\"product--properties-label is--bold\">Hdmi Quantity:<\/td>\n<td class=\"product--properties-value\">4<\/td>\n<\/tr>\n<tr class=\"product--properties-row\">\n<td class=\"product--properties-label is--bold\">HDMI 2.1 Features:<\/td>\n<td class=\"product--properties-value\">4K HFR, ALLM, AMD, eARC, VRR<\/td>\n<\/tr>\n<tr class=\"product--properties-row\">\n<td class=\"product--properties-label is--bold\">Connections:<\/td>\n<td class=\"product--properties-value\">Ethernet, Hdmi, Headphone socket, Optical, Rf in, Satellite, USB<\/td>\n<\/tr>\n<tr class=\"product--properties-row\">\n<td class=\"product--properties-label is--bold\">Connectivity:<\/td>\n<td class=\"product--properties-value\">Bluetooth, Ethernet, Wi-fi<\/td>\n<\/tr>\n<tr class=\"product--properties-row\">\n<td class=\"product--properties-label is--bold\">USB HDD Recording:<\/td>\n<td class=\"product--properties-value\">Yes<\/td>\n<\/tr>\n<tr class=\"product--properties-row\">\n<td class=\"product--properties-label is--bold\">Hands Free Voice Search:<\/td>\n<td class=\"product--properties-value\">Yes<\/td>\n<\/tr>\n<tr class=\"product--properties-row\">\n<td class=\"product--properties-label is--bold\">Web Browser:<\/td>\n<td class=\"product--properties-value\">Yes<\/td>\n<\/tr>\n<tr class=\"product--properties-row\">\n<td class=\"product--properties-label is--bold\">Remote Control:<\/td>\n<td class=\"product--properties-value\">Yes<\/td>\n<\/tr>\n<tr class=\"product--properties-row\">\n<td class=\"product--properties-label is--bold\">Audio Power Output:<\/td>\n<td class=\"product--properties-value\">30W (15W + 15W)<\/td>\n<\/tr>\n<tr class=\"product--properties-row\">\n<td class=\"product--properties-label is--bold\">Stand Width:<\/td>\n<td class=\"product--properties-value\">400 mm<\/td>\n<\/tr>\n<tr class=\"product--properties-row\">\n<td class=\"product--properties-label is--bold\">Stand Colour:<\/td>\n<td class=\"product--properties-value\">Graphite<\/td>\n<\/tr>\n<tr class=\"product--properties-row\">\n<td class=\"product--properties-label is--bold\">Adjustable Stand:<\/td>\n<td class=\"product--properties-value\">No<\/td>\n<\/tr>\n<tr class=\"product--properties-row\">\n<td class=\"product--properties-label is--bold\">VESA Spacing:<\/td>\n<td class=\"product--properties-value\">300 mm x 300 mm<\/td>\n<\/tr>\n<tr class=\"product--properties-row\">\n<td class=\"product--properties-label is--bold\">Height:<\/td>\n<td class=\"product--properties-value\">765 mm<\/td>\n<\/tr>\n<tr class=\"product--properties-row\">\n<td class=\"product--properties-label is--bold\">Width:<\/td>\n<td class=\"product--properties-value\">1227 mm<\/td>\n<\/tr>\n<tr class=\"product--properties-row\">\n<td class=\"product--properties-label is--bold\">Depth:<\/td>\n<td class=\"product--properties-value\">303 mm<\/td>\n<\/tr>\n<tr class=\"product--properties-row\">\n<td class=\"product--properties-label is--bold\">Weight:<\/td>\n<td class=\"product--properties-value\">18.5 kg<\/td>\n<\/tr>\n<\/tbody>\n<\/table>\n<\/div>\n","protected":false},"excerpt":{"rendered":"<p>Kaikki tekniset tiedot l\u00f6ytyv\u00e4t valmistajan verkkosivuilta <span style=\"color: #0053a4\"><a style=\"color: #0053a4\" href=\"https:\/\/www.panasonic.com\/fi\/consumer\/televisiot\/oled-4k-tv\/tx-55lz980e.html\" target=\"_blank\" rel=\"noopener\">t\u00e4\u00e4lt\u00e4 &gt;&gt;<\/a><\/span><\/p>\n","protected":false},"featured_media":12878,"template":"","meta":{"_monsterinsights_skip_tracking":false,"_monsterinsights_sitenote_active":false,"_monsterinsights_sitenote_note":"","_monsterinsights_sitenote_category":0},"product_cat":[534,316],"product_tag":[404,441],"_links":{"self":[{"href":"https:\/\/eurolink.ee\/fi\/wp-json\/wp\/v2\/product\/10123"}],"collection":[{"href":"https:\/\/eurolink.ee\/fi\/wp-json\/wp\/v2\/product"}],"about":[{"href":"https:\/\/eurolink.ee\/fi\/wp-json\/wp\/v2\/types\/product"}],"version-history":[{"count":4,"href":"https:\/\/eurolink.ee\/fi\/wp-json\/wp\/v2\/product\/10123\/revisions"}],"predecessor-version":[{"id":14204,"href":"https:\/\/eurolink.ee\/fi\/wp-json\/wp\/v2\/product\/10123\/revisions\/14204"}],"wp:featuredmedia":[{"embeddable":true,"href":"https:\/\/eurolink.ee\/fi\/wp-json\/wp\/v2\/media\/12878"}],"wp:attachment":[{"href":"https:\/\/eurolink.ee\/fi\/wp-json\/wp\/v2\/media?parent=10123"}],"wp:term":[{"taxonomy":"product_cat","embeddable":true,"href":"https:\/\/eurolink.ee\/fi\/wp-json\/wp\/v2\/product_cat?post=10123"},{"taxonomy":"product_tag","embeddable":true,"href":"https:\/\/eurolink.ee\/fi\/wp-json\/wp\/v2\/product_tag?post=10123"}],"curies":[{"name":"wp","href":"https:\/\/api.w.org\/{rel}","templated":true}]}}