{"id":10193,"date":"2022-08-09T17:44:56","date_gmt":"2022-08-09T17:44:56","guid":{"rendered":"https:\/\/eurolink.ee\/product\/panasonic-tx-48lz800e-oled-tv\/"},"modified":"2024-02-21T18:19:58","modified_gmt":"2024-02-21T18:19:58","slug":"panasonic-tx-48lz800e-oled-tv","status":"publish","type":"product","link":"https:\/\/eurolink.ee\/fi\/tuote\/panasonic-tx-48lz800e-oled-tv\/","title":{"rendered":"Panasonic TX-48LZ800E OLED TV"},"content":{"rendered":"<h4 class=\"hub-text\">Panasonic TX-48LZ800B Screen<\/h4>\n<table class=\"hub-border\">\n<tbody>\n<tr>\n<td>Display<\/td>\n<td>OLED<\/td>\n<\/tr>\n<tr>\n<td>OLED Technology<\/td>\n<td>WRGB OLED<\/td>\n<\/tr>\n<tr>\n<td>Display Format<\/td>\n<td>4K Ultra HD<\/td>\n<\/tr>\n<tr>\n<td>Screen Size<\/td>\n<td>48 In<\/td>\n<\/tr>\n<tr>\n<td>Resolution<\/td>\n<td>3840 x 2160 Pixels<\/td>\n<\/tr>\n<tr>\n<td>Refresh Rate<\/td>\n<td>120 Hz<\/td>\n<\/tr>\n<tr>\n<td>Aspect Ratio<\/td>\n<td>16:9<\/td>\n<\/tr>\n<tr>\n<td>Viewing Angle<\/td>\n<td>178\u00b0(H) 178\u00b0(V)<\/td>\n<\/tr>\n<tr>\n<td>Picture-in-Picture<\/td>\n<td>PaP<\/td>\n<\/tr>\n<tr>\n<td>Image Enhancement Engine<\/td>\n<td>HCX Pro AI Processor<\/td>\n<\/tr>\n<\/tbody>\n<\/table>\n<h4 class=\"hub-text\">Panasonic TX-48LZ800B Digital-TV<\/h4>\n<table class=\"hub-border\">\n<tbody>\n<tr>\n<td>Tuner<\/td>\n<td>Freeview Tuner (DVB-T)<br \/>\nFreeview HD Tuner (DVB-T2)<br \/>\nFreesat HD Tuner (DVB-S2)<\/td>\n<\/tr>\n<tr>\n<td>EPG<\/td>\n<td>Yes<\/td>\n<\/tr>\n<\/tbody>\n<\/table>\n<h4 class=\"hub-text\">Panasonic TX-48LZ800B Features<\/h4>\n<table class=\"hub-border\">\n<tbody>\n<tr>\n<td>PVR Features<\/td>\n<td>Twin Tuners<br \/>\nHDD Recording<\/td>\n<\/tr>\n<tr>\n<td>Smart TV<\/td>\n<td>Yes<\/td>\n<\/tr>\n<tr>\n<td>Smart TV Features<\/td>\n<td>Miracast<br \/>\nDLNA<br \/>\nMedia Player<br \/>\nWeb Browser<br \/>\nVoice Control<\/td>\n<\/tr>\n<tr>\n<td>File Formats<\/td>\n<td>AVI<br \/>\nFLV<br \/>\nMKV<br \/>\nMP4<br \/>\nMPEG4<br \/>\nPS<br \/>\nTS<br \/>\nVOB<br \/>\nWAV<br \/>\nAAC<br \/>\nFLAC<br \/>\nMP3<br \/>\nWMA<br \/>\nGIF<br \/>\nJPG<br \/>\nPNG<\/td>\n<\/tr>\n<\/tbody>\n<\/table>\n<h4 class=\"hub-text\">Panasonic TX-48LZ800B Sound<\/h4>\n<table class=\"hub-border\">\n<tbody>\n<tr>\n<td>Speakers<\/td>\n<td>Stereo<\/td>\n<\/tr>\n<tr>\n<td>Speaker Output<\/td>\n<td>30 Watts<\/td>\n<\/tr>\n<tr>\n<td>Supported Sound Formats<\/td>\n<td>Dolby Atmos<\/td>\n<\/tr>\n<\/tbody>\n<\/table>\n<h4 class=\"hub-text\">Panasonic TX-48LZ800B Connections<\/h4>\n<table class=\"hub-border\">\n<tbody>\n<tr>\n<td>HDMI Type<\/td>\n<td>HDCP 2.3<br \/>\nHDMI 2.1<br \/>\nHDMI 2.0<br \/>\nHDMI with eARC<\/td>\n<\/tr>\n<tr>\n<td>HDMI Inputs<\/td>\n<td>4: 2x HDMI 2.1, 2x HDMI 2.0 (1x side: 3x bottom)<\/td>\n<\/tr>\n<tr>\n<td>Component Inputs<\/td>\n<td>1x AV in (YPbPr +L\/R)<\/td>\n<\/tr>\n<tr>\n<td>USB Ports<\/td>\n<td>3: USB 3.0 x 1, USB 2.0 x 2 (2 side, 1 bottom)<\/td>\n<\/tr>\n<tr>\n<td>Common Interface Slot<\/td>\n<td>Yes<\/td>\n<\/tr>\n<tr>\n<td>Ethernet Port<\/td>\n<td>Yes<\/td>\n<\/tr>\n<tr>\n<td>Digital Audio Out<\/td>\n<td>Yes<\/td>\n<\/tr>\n<tr>\n<td>Headphone Socket<\/td>\n<td>Yes<\/td>\n<\/tr>\n<tr>\n<td>Wi-Fi<\/td>\n<td>Built-in<\/td>\n<\/tr>\n<\/tbody>\n<\/table>\n<h4 class=\"hub-text\">Panasonic TX-48LZ800B Product Properties<\/h4>\n<table class=\"hub-border\">\n<tbody>\n<tr>\n<td>Energy Efficiency Class<\/td>\n<td>G<\/td>\n<\/tr>\n<tr>\n<td>Power Consumption<\/td>\n<td>66 kWh\/1000h (Typical) Rated power consumption: 254W<\/td>\n<\/tr>\n<tr>\n<td>Power Consumption (Standby)<\/td>\n<td>0.5W<\/td>\n<\/tr>\n<tr>\n<td>Release Year<\/td>\n<td>2022<\/td>\n<\/tr>\n<tr>\n<td>Warranty<\/td>\n<td>12 months<\/td>\n<\/tr>\n<tr>\n<td>Screen Size<\/td>\n<td>121 cm<\/td>\n<\/tr>\n<tr>\n<td>Width (With Stand)<\/td>\n<td>1069 mm<\/td>\n<\/tr>\n<tr>\n<td>Height (With Stand)<\/td>\n<td>676 mm<\/td>\n<\/tr>\n<tr>\n<td>Depth (With Stand)<\/td>\n<td>250 mm<\/td>\n<\/tr>\n<tr>\n<td>Weight<\/td>\n<td>Without stand: 16kg. With stand: 20 Kg<\/td>\n<\/tr>\n<tr>\n<td>Width (Without Stand)<\/td>\n<td>1069 mm<\/td>\n<\/tr>\n<tr>\n<td>Height (Without Stand)<\/td>\n<td>622 mm<\/td>\n<\/tr>\n<tr>\n<td>Depth (Without Stand)<\/td>\n<td>67 mm<\/td>\n<\/tr>\n<\/tbody>\n<\/table>\n","protected":false},"excerpt":{"rendered":"<p>Kaikki tekniset tiedot l\u00f6ytyv\u00e4t valmistajan verkkosivuilta <span style=\"color: #0053a4\"><a style=\"color: #0053a4\" href=\"https:\/\/www.panasonic.com\/uk\/consumer\/televisions\/4K-OLED-TV\/tx-48lz800b.html\" target=\"_blank\" rel=\"noopener\">t\u00e4\u00e4lt\u00e4 &gt;&gt;<\/a><\/span><\/p>\n","protected":false},"featured_media":12734,"template":"","meta":{"_monsterinsights_skip_tracking":false,"_monsterinsights_sitenote_active":false,"_monsterinsights_sitenote_note":"","_monsterinsights_sitenote_category":0},"product_cat":[534,316],"product_tag":[404,441],"_links":{"self":[{"href":"https:\/\/eurolink.ee\/fi\/wp-json\/wp\/v2\/product\/10193"}],"collection":[{"href":"https:\/\/eurolink.ee\/fi\/wp-json\/wp\/v2\/product"}],"about":[{"href":"https:\/\/eurolink.ee\/fi\/wp-json\/wp\/v2\/types\/product"}],"version-history":[{"count":4,"href":"https:\/\/eurolink.ee\/fi\/wp-json\/wp\/v2\/product\/10193\/revisions"}],"predecessor-version":[{"id":14181,"href":"https:\/\/eurolink.ee\/fi\/wp-json\/wp\/v2\/product\/10193\/revisions\/14181"}],"wp:featuredmedia":[{"embeddable":true,"href":"https:\/\/eurolink.ee\/fi\/wp-json\/wp\/v2\/media\/12734"}],"wp:attachment":[{"href":"https:\/\/eurolink.ee\/fi\/wp-json\/wp\/v2\/media?parent=10193"}],"wp:term":[{"taxonomy":"product_cat","embeddable":true,"href":"https:\/\/eurolink.ee\/fi\/wp-json\/wp\/v2\/product_cat?post=10193"},{"taxonomy":"product_tag","embeddable":true,"href":"https:\/\/eurolink.ee\/fi\/wp-json\/wp\/v2\/product_tag?post=10193"}],"curies":[{"name":"wp","href":"https:\/\/api.w.org\/{rel}","templated":true}]}}