{"id":10214,"date":"2022-08-09T16:54:13","date_gmt":"2022-08-09T16:54:13","guid":{"rendered":"https:\/\/eurolink.ee\/product\/panasonic-tx-55lz1500e-55-master-oled-pro-4k-hdr-vision-atmos\/"},"modified":"2024-02-21T18:19:59","modified_gmt":"2024-02-21T18:19:59","slug":"panasonic-tx-55lz1500e-55-master-oled-pro-4k-hdr-vision-atmos","status":"publish","type":"product","link":"https:\/\/eurolink.ee\/fi\/tuote\/panasonic-tx-55lz1500e-55-master-oled-pro-4k-hdr-vision-atmos\/","title":{"rendered":"Panasonic TX-55LZ1500E 55&#8243; Master OLED Pro 4K HDR Vision \/ Atmos"},"content":{"rendered":"<p>True black and superior picture brightness for cinema experience &#8211; Master OLED Pro<br \/>\nImmersive sound quality for cinema &#8211; Dynamic Cinema Surround Pro with Dolby Atmos\u00ae<br \/>\nClass-leading colour, contrast, clarity and Auto AI mode &#8211; HCX Pro AI Processor<br \/>\nMore viewing choice &#8211; Smart TV (my Home Screen 7.0)<br \/>\nStunning speed, resolution and motion &#8211; Game Mode Extreme<br \/>\nH: 771mm, W: 1227mm, D: 350mm, Weight: 20.5kg. Dimension with recommended pedestal style.<\/p>\n<p>Master OLED Pro + HCX Pro AI Processor<br \/>\nDolby Atmos\u00ae<br \/>\nDynamic Cinema Surround Pro<br \/>\nAuto AI<br \/>\nAdvanced intelligent sensing<br \/>\nMulti HDR Format<\/p>\n<p>&nbsp;<\/p>\n<p>&nbsp;<\/p>\n<p>&nbsp;<\/p>\n<p>&nbsp;<\/p>\n","protected":false},"excerpt":{"rendered":"<p>Kaikki tekniset tiedot l\u00f6ytyv\u00e4t valmistajan verkkosivuilta <span style=\"color: #0053a4\"><a style=\"color: #0053a4\" href=\"https:\/\/www.panasonic.com\/fi\/consumer\/televisiot\/oled-4k-tv\/tx-55lz1500e.html\" target=\"_blank\" rel=\"noopener\">t\u00e4\u00e4lt\u00e4 &gt;&gt;<\/a><\/span><\/div>\n","protected":false},"featured_media":12953,"template":"","meta":{"_monsterinsights_skip_tracking":false,"_monsterinsights_sitenote_active":false,"_monsterinsights_sitenote_note":"","_monsterinsights_sitenote_category":0},"product_cat":[534,316],"product_tag":[404,441],"_links":{"self":[{"href":"https:\/\/eurolink.ee\/fi\/wp-json\/wp\/v2\/product\/10214"}],"collection":[{"href":"https:\/\/eurolink.ee\/fi\/wp-json\/wp\/v2\/product"}],"about":[{"href":"https:\/\/eurolink.ee\/fi\/wp-json\/wp\/v2\/types\/product"}],"version-history":[{"count":4,"href":"https:\/\/eurolink.ee\/fi\/wp-json\/wp\/v2\/product\/10214\/revisions"}],"predecessor-version":[{"id":14284,"href":"https:\/\/eurolink.ee\/fi\/wp-json\/wp\/v2\/product\/10214\/revisions\/14284"}],"wp:featuredmedia":[{"embeddable":true,"href":"https:\/\/eurolink.ee\/fi\/wp-json\/wp\/v2\/media\/12953"}],"wp:attachment":[{"href":"https:\/\/eurolink.ee\/fi\/wp-json\/wp\/v2\/media?parent=10214"}],"wp:term":[{"taxonomy":"product_cat","embeddable":true,"href":"https:\/\/eurolink.ee\/fi\/wp-json\/wp\/v2\/product_cat?post=10214"},{"taxonomy":"product_tag","embeddable":true,"href":"https:\/\/eurolink.ee\/fi\/wp-json\/wp\/v2\/product_tag?post=10214"}],"curies":[{"name":"wp","href":"https:\/\/api.w.org\/{rel}","templated":true}]}}