{"id":10365,"date":"2022-07-24T18:30:34","date_gmt":"2022-07-24T18:30:34","guid":{"rendered":"https:\/\/eurolink.ee\/product\/panasonic-th-86sqe1\/"},"modified":"2024-02-21T18:19:57","modified_gmt":"2024-02-21T18:19:57","slug":"panasonic-th-86sqe1","status":"publish","type":"product","link":"https:\/\/eurolink.ee\/fi\/tuote\/panasonic-th-86sqe1\/","title":{"rendered":"Panasonic TH-86SQE1"},"content":{"rendered":"<div class=\"table-display\">\n<div class=\"table-display__cell roman product__header__name\">\n<div class=\"fs-1-2 key-features\">Key Features<\/div>\n<\/div>\n<div class=\"table-display__cell bottom invert product__header__link\"><\/div>\n<\/div>\n<div class=\"product__header__table\">\n<hr \/>\n<div class=\"field field-name-field-key-feature-1 field-type-text-long field-label-hidden\">\n<div class=\"field-items\">\n<div class=\"field-item even\">86&#8243;, 500 cd\/m2, 4K with slim and stylish design and 24\/7 operation<\/div>\n<\/div>\n<\/div>\n<hr \/>\n<div class=\"field field-name-field-key-feature-2 field-type-text-long field-label-hidden\">\n<div class=\"field-items\">\n<div class=\"field-item even\">4K USB Media Player: eliminates the need for external devices and allows updates via LAN<\/div>\n<\/div>\n<\/div>\n<hr \/>\n<div class=\"field field-name-field-key-feature-3 field-type-text-long field-label-hidden\">\n<div class=\"field-items\">\n<div class=\"field-item even\">Slot with Intel\u00ae SDM (Smart Display Module) specifications. Equipped with 4 HDMI, USB Type-A and C, DP(In\/Out) input terminals, supports HDMI CEC<\/div>\n<\/div>\n<\/div>\n<hr \/>\n<div class=\"field field-name-field-key-feature-4 field-type-text-long field-label-hidden\">\n<div class=\"field-items\">\n<div class=\"field-item even\">Embedded Wi-Fi and HTML5 browser<\/div>\n<\/div>\n<\/div>\n<hr \/>\n<div class=\"field field-name-field-key-feature-5 field-type-text-long field-label-hidden\">\n<div class=\"field-items\">\n<div class=\"field-item even\">Flexible and light installation either in portrait or landscape<\/div>\n<div><\/div>\n<\/div>\n<\/div>\n<\/div>\n","protected":false},"excerpt":{"rendered":"<p>Kaikki tekniset tiedot l\u00f6ytyv\u00e4t valmistajan verkkosivuilta <span style=\"color: #0053a4\"><a style=\"color: #0053a4\" href=\"https:\/\/eu.connect.panasonic.com\/gb\/en\/products\/professional-displays\/th-86sqe1wa\" target=\"_blank\" rel=\"noopener\">t\u00e4\u00e4lt\u00e4 &gt;&gt;<\/a><\/span><\/p>\n","protected":false},"featured_media":12262,"template":"","meta":{"_monsterinsights_skip_tracking":false,"_monsterinsights_sitenote_active":false,"_monsterinsights_sitenote_note":"","_monsterinsights_sitenote_category":0},"product_cat":[531,325],"product_tag":[441],"_links":{"self":[{"href":"https:\/\/eurolink.ee\/fi\/wp-json\/wp\/v2\/product\/10365"}],"collection":[{"href":"https:\/\/eurolink.ee\/fi\/wp-json\/wp\/v2\/product"}],"about":[{"href":"https:\/\/eurolink.ee\/fi\/wp-json\/wp\/v2\/types\/product"}],"version-history":[{"count":5,"href":"https:\/\/eurolink.ee\/fi\/wp-json\/wp\/v2\/product\/10365\/revisions"}],"predecessor-version":[{"id":14182,"href":"https:\/\/eurolink.ee\/fi\/wp-json\/wp\/v2\/product\/10365\/revisions\/14182"}],"wp:featuredmedia":[{"embeddable":true,"href":"https:\/\/eurolink.ee\/fi\/wp-json\/wp\/v2\/media\/12262"}],"wp:attachment":[{"href":"https:\/\/eurolink.ee\/fi\/wp-json\/wp\/v2\/media?parent=10365"}],"wp:term":[{"taxonomy":"product_cat","embeddable":true,"href":"https:\/\/eurolink.ee\/fi\/wp-json\/wp\/v2\/product_cat?post=10365"},{"taxonomy":"product_tag","embeddable":true,"href":"https:\/\/eurolink.ee\/fi\/wp-json\/wp\/v2\/product_tag?post=10365"}],"curies":[{"name":"wp","href":"https:\/\/api.w.org\/{rel}","templated":true}]}}