{"id":10379,"date":"2022-07-24T18:13:00","date_gmt":"2022-07-24T18:13:00","guid":{"rendered":"https:\/\/eurolink.ee\/product\/panasonic-aj-mc900-microphone\/"},"modified":"2024-02-21T18:19:56","modified_gmt":"2024-02-21T18:19:56","slug":"panasonic-aj-mc900-microphone","status":"publish","type":"product","link":"https:\/\/eurolink.ee\/fi\/tuote\/panasonic-aj-mc900-microphone\/","title":{"rendered":"Panasonic AJ-MC900 Microphone"},"content":{"rendered":"<ul class=\"post-specifics\">\n<li><strong>Product Line:<\/strong>\u00a0Panasonic AJ<\/li>\n<li><strong>Model:<\/strong>\u00a0AJ-MC900<\/li>\n<li><strong>Return shipping will be paid by:<\/strong>\u00a0Buyer<\/li>\n<li><strong>Type:<\/strong>\u00a0Microphone<\/li>\n<li><strong>Brand:<\/strong>\u00a0Panasonic<\/li>\n<li><strong>Refund will be given as:<\/strong>\u00a0Money Back<\/li>\n<li><strong>Item must be returned within:<\/strong>\u00a030 Days<\/li>\n<li><strong>Restocking Fee:<\/strong>\u00a0No<\/li>\n<li><strong>All returns accepted:<\/strong>\u00a0Returns Accepted<\/li>\n<li><strong>Condition:<\/strong>\u00a0Used<\/li>\n<\/ul>\n","protected":false},"excerpt":{"rendered":"<p>Kaikki tekniset tiedot l\u00f6ytyv\u00e4t valmistajan verkkosivuilta <span style=\"color: #0053a4\"><a style=\"color: #0053a4\" href=\"https:\/\/eu.connect.panasonic.com\/fi\/en\/products\/broadcast-proav\/aj-mc900g\" target=\"_blank\" rel=\"noopener\">t\u00e4\u00e4lt\u00e4 &gt;&gt;<\/a><\/span><\/p>\n","protected":false},"featured_media":11972,"template":"","meta":{"_monsterinsights_skip_tracking":false,"_monsterinsights_sitenote_active":false,"_monsterinsights_sitenote_note":"","_monsterinsights_sitenote_category":0},"product_cat":[531,310],"product_tag":[438,441],"_links":{"self":[{"href":"https:\/\/eurolink.ee\/fi\/wp-json\/wp\/v2\/product\/10379"}],"collection":[{"href":"https:\/\/eurolink.ee\/fi\/wp-json\/wp\/v2\/product"}],"about":[{"href":"https:\/\/eurolink.ee\/fi\/wp-json\/wp\/v2\/types\/product"}],"version-history":[{"count":5,"href":"https:\/\/eurolink.ee\/fi\/wp-json\/wp\/v2\/product\/10379\/revisions"}],"predecessor-version":[{"id":14185,"href":"https:\/\/eurolink.ee\/fi\/wp-json\/wp\/v2\/product\/10379\/revisions\/14185"}],"wp:featuredmedia":[{"embeddable":true,"href":"https:\/\/eurolink.ee\/fi\/wp-json\/wp\/v2\/media\/11972"}],"wp:attachment":[{"href":"https:\/\/eurolink.ee\/fi\/wp-json\/wp\/v2\/media?parent=10379"}],"wp:term":[{"taxonomy":"product_cat","embeddable":true,"href":"https:\/\/eurolink.ee\/fi\/wp-json\/wp\/v2\/product_cat?post=10379"},{"taxonomy":"product_tag","embeddable":true,"href":"https:\/\/eurolink.ee\/fi\/wp-json\/wp\/v2\/product_tag?post=10379"}],"curies":[{"name":"wp","href":"https:\/\/api.w.org\/{rel}","templated":true}]}}