{"id":10383,"date":"2022-07-24T18:10:03","date_gmt":"2022-07-24T18:10:03","guid":{"rendered":"https:\/\/eurolink.ee\/product\/panasonic-aj-mc700-microphone\/"},"modified":"2024-02-21T18:19:56","modified_gmt":"2024-02-21T18:19:56","slug":"panasonic-aj-mc700-microphone","status":"publish","type":"product","link":"https:\/\/eurolink.ee\/fi\/tuote\/panasonic-aj-mc700-microphone\/","title":{"rendered":"Panasonic AJ-MC700 Microphone"},"content":{"rendered":"<ul>\n<li>Outdoor use :\u00a0<strong>Yes<\/strong><\/li>\n<li>Permanent Installation :\u00a0<strong>No<\/strong><\/li>\n<li>Balanced Audio output (XLR) :\u00a0<strong>1 Output<\/strong><\/li>\n<li>Wireless connection :\u00a0<strong>No<\/strong><\/li>\n<li>Placement :\u00a0<strong>On system<\/strong><\/li>\n<li>Digital audio AES\/EBU :\u00a0<strong>No<\/strong><\/li>\n<li>Lavalier :\u00a0<strong>No<\/strong><\/li>\n<li>Polar patterns (Directivity) :\u00a0<strong>Shotgun<\/strong><\/li>\n<li>Mic capsule transducer principle :\u00a0<strong>Condenser microphone<\/strong><\/li>\n<\/ul>\n","protected":false},"excerpt":{"rendered":"<p>Kaikki tekniset tiedot l\u00f6ytyv\u00e4t valmistajan verkkosivuilta <span style=\"color: #0053a4\"><a style=\"color: #0053a4\" href=\"https:\/\/eu.connect.panasonic.com\/fi\/en\/products\/broadcast-proav\/aj-mc700p\" target=\"_blank\" rel=\"noopener\">t\u00e4\u00e4lt\u00e4 &gt;&gt;<\/a><\/span><\/p>\n","protected":false},"featured_media":11965,"template":"","meta":{"_monsterinsights_skip_tracking":false,"_monsterinsights_sitenote_active":false,"_monsterinsights_sitenote_note":"","_monsterinsights_sitenote_category":0},"product_cat":[531,310],"product_tag":[438,441],"_links":{"self":[{"href":"https:\/\/eurolink.ee\/fi\/wp-json\/wp\/v2\/product\/10383"}],"collection":[{"href":"https:\/\/eurolink.ee\/fi\/wp-json\/wp\/v2\/product"}],"about":[{"href":"https:\/\/eurolink.ee\/fi\/wp-json\/wp\/v2\/types\/product"}],"version-history":[{"count":5,"href":"https:\/\/eurolink.ee\/fi\/wp-json\/wp\/v2\/product\/10383\/revisions"}],"predecessor-version":[{"id":14186,"href":"https:\/\/eurolink.ee\/fi\/wp-json\/wp\/v2\/product\/10383\/revisions\/14186"}],"wp:featuredmedia":[{"embeddable":true,"href":"https:\/\/eurolink.ee\/fi\/wp-json\/wp\/v2\/media\/11965"}],"wp:attachment":[{"href":"https:\/\/eurolink.ee\/fi\/wp-json\/wp\/v2\/media?parent=10383"}],"wp:term":[{"taxonomy":"product_cat","embeddable":true,"href":"https:\/\/eurolink.ee\/fi\/wp-json\/wp\/v2\/product_cat?post=10383"},{"taxonomy":"product_tag","embeddable":true,"href":"https:\/\/eurolink.ee\/fi\/wp-json\/wp\/v2\/product_tag?post=10383"}],"curies":[{"name":"wp","href":"https:\/\/api.w.org\/{rel}","templated":true}]}}