{"id":10393,"date":"2022-07-24T17:59:15","date_gmt":"2022-07-24T17:59:15","guid":{"rendered":"https:\/\/eurolink.ee\/product\/ag-brd50-dual-battery-charger\/"},"modified":"2024-02-21T18:19:54","modified_gmt":"2024-02-21T18:19:54","slug":"ag-brd50-dual-battery-charger","status":"publish","type":"product","link":"https:\/\/eurolink.ee\/fi\/tuote\/ag-brd50-dual-battery-charger\/","title":{"rendered":"AG-BRD50 Dual Battery Charger"},"content":{"rendered":"","protected":false},"excerpt":{"rendered":"<p>Kaikki tekniset tiedot l\u00f6ytyv\u00e4t valmistajan verkkosivuilta <span style=\"color: #0053a4\"><a style=\"color: #0053a4\" href=\"https:\/\/eu.connect.panasonic.com\/fi\/en\/products\/broadcast-proav\/ag-brd50\" target=\"_blank\" rel=\"noopener\">t\u00e4\u00e4lt\u00e4 &gt;&gt;<\/a><\/span><\/p>\n","protected":false},"featured_media":11855,"template":"","meta":{"_monsterinsights_skip_tracking":false,"_monsterinsights_sitenote_active":false,"_monsterinsights_sitenote_note":"","_monsterinsights_sitenote_category":0},"product_cat":[531,307],"product_tag":[],"_links":{"self":[{"href":"https:\/\/eurolink.ee\/fi\/wp-json\/wp\/v2\/product\/10393"}],"collection":[{"href":"https:\/\/eurolink.ee\/fi\/wp-json\/wp\/v2\/product"}],"about":[{"href":"https:\/\/eurolink.ee\/fi\/wp-json\/wp\/v2\/types\/product"}],"version-history":[{"count":5,"href":"https:\/\/eurolink.ee\/fi\/wp-json\/wp\/v2\/product\/10393\/revisions"}],"predecessor-version":[{"id":14164,"href":"https:\/\/eurolink.ee\/fi\/wp-json\/wp\/v2\/product\/10393\/revisions\/14164"}],"wp:featuredmedia":[{"embeddable":true,"href":"https:\/\/eurolink.ee\/fi\/wp-json\/wp\/v2\/media\/11855"}],"wp:attachment":[{"href":"https:\/\/eurolink.ee\/fi\/wp-json\/wp\/v2\/media?parent=10393"}],"wp:term":[{"taxonomy":"product_cat","embeddable":true,"href":"https:\/\/eurolink.ee\/fi\/wp-json\/wp\/v2\/product_cat?post=10393"},{"taxonomy":"product_tag","embeddable":true,"href":"https:\/\/eurolink.ee\/fi\/wp-json\/wp\/v2\/product_tag?post=10393"}],"curies":[{"name":"wp","href":"https:\/\/api.w.org\/{rel}","templated":true}]}}