{"id":10400,"date":"2022-07-24T17:54:41","date_gmt":"2022-07-24T17:54:41","guid":{"rendered":"https:\/\/eurolink.ee\/product\/ag-vbr89g-pro-grade-8-85ah-battery\/"},"modified":"2024-02-21T18:19:54","modified_gmt":"2024-02-21T18:19:54","slug":"ag-vbr89g-pro-grade-8-85ah-battery","status":"publish","type":"product","link":"https:\/\/eurolink.ee\/fi\/tuote\/ag-vbr89g-pro-grade-8-85ah-battery\/","title":{"rendered":"AG-VBR89G Pro Grade 8.85Ah Battery"},"content":{"rendered":"<h2 class=\"field__label product-details__sub-title\">KEY FEATURES<\/h2>\n<ul class=\"field__items\">\n<li class=\"field__item\">8.850mAh<\/li>\n<li class=\"field__item\">7.28V<\/li>\n<li class=\"field__item\">41,3 x 70 x 69,6mm<\/li>\n<li class=\"field__item\">approx. 333g<\/li>\n<\/ul>\n","protected":false},"excerpt":{"rendered":"<p>Kaikki tekniset tiedot l\u00f6ytyv\u00e4t valmistajan verkkosivuilta <span style=\"color: #0053a4\"><a style=\"color: #0053a4\" href=\"https:\/\/eu.connect.panasonic.com\/fi\/en\/products\/broadcast-proav\/ag-vbr89g\" target=\"_blank\" rel=\"noopener\">t\u00e4\u00e4lt\u00e4 &gt;&gt;<\/a><\/span><\/p>\n","protected":false},"featured_media":11859,"template":"","meta":{"_monsterinsights_skip_tracking":false,"_monsterinsights_sitenote_active":false,"_monsterinsights_sitenote_note":"","_monsterinsights_sitenote_category":0},"product_cat":[531,307],"product_tag":[],"_links":{"self":[{"href":"https:\/\/eurolink.ee\/fi\/wp-json\/wp\/v2\/product\/10400"}],"collection":[{"href":"https:\/\/eurolink.ee\/fi\/wp-json\/wp\/v2\/product"}],"about":[{"href":"https:\/\/eurolink.ee\/fi\/wp-json\/wp\/v2\/types\/product"}],"version-history":[{"count":5,"href":"https:\/\/eurolink.ee\/fi\/wp-json\/wp\/v2\/product\/10400\/revisions"}],"predecessor-version":[{"id":14166,"href":"https:\/\/eurolink.ee\/fi\/wp-json\/wp\/v2\/product\/10400\/revisions\/14166"}],"wp:featuredmedia":[{"embeddable":true,"href":"https:\/\/eurolink.ee\/fi\/wp-json\/wp\/v2\/media\/11859"}],"wp:attachment":[{"href":"https:\/\/eurolink.ee\/fi\/wp-json\/wp\/v2\/media?parent=10400"}],"wp:term":[{"taxonomy":"product_cat","embeddable":true,"href":"https:\/\/eurolink.ee\/fi\/wp-json\/wp\/v2\/product_cat?post=10400"},{"taxonomy":"product_tag","embeddable":true,"href":"https:\/\/eurolink.ee\/fi\/wp-json\/wp\/v2\/product_tag?post=10400"}],"curies":[{"name":"wp","href":"https:\/\/api.w.org\/{rel}","templated":true}]}}