{"id":10407,"date":"2022-07-24T17:45:41","date_gmt":"2022-07-24T17:45:41","guid":{"rendered":"https:\/\/eurolink.ee\/product\/panasonic-aw-ue4wg-kg-wide-angle-4k\/"},"modified":"2024-02-21T18:19:57","modified_gmt":"2024-02-21T18:19:57","slug":"panasonic-aw-ue4wg-kg-wide-angle-4k","status":"publish","type":"product","link":"https:\/\/eurolink.ee\/fi\/tuote\/panasonic-aw-ue4wg-kg-wide-angle-4k\/","title":{"rendered":"Panasonic AW-UE4WG\/KG Wide Angle 4K"},"content":{"rendered":"<p><iframe loading=\"lazy\" title=\"YouTube video player\" src=\"https:\/\/www.youtube.com\/embed\/RYypDfToxRA\" width=\"560\" height=\"315\" frameborder=\"0\" allowfullscreen=\"allowfullscreen\"><\/iframe><\/p>\n<h2 class=\"field__label product-details__sub-title\">KEY FEATURES<\/h2>\n<ul class=\"field__items\">\n<li class=\"field__item\">Ultra wide-angle lens with 111\u00b0 field of view<\/li>\n<li class=\"field__item\">Supports 4K\/30p video output<\/li>\n<li class=\"field__item\">Video output via 3 interfaces, including HDMI, LAN &amp; USB<\/li>\n<li class=\"field__item\">Supports PoE or USB power options<\/li>\n<li class=\"field__item\">AW-UE4K (black) \/ AW-UE4W (white) 4K Professional PTZ Remote Camera<\/li>\n<\/ul>\n","protected":false},"excerpt":{"rendered":"<p>Kaikki tekniset tiedot l\u00f6ytyv\u00e4t valmistajan verkkosivuilta <span style=\"color: #0053a4\"><a style=\"color: #0053a4\" href=\"https:\/\/eu.connect.panasonic.com\/fi\/en\/products\/broadcast-proav\/aw-ue4\" target=\"_blank\" rel=\"noopener\">t\u00e4\u00e4lt\u00e4 &gt;&gt;<\/a><\/span><\/p>\n","protected":false},"featured_media":12376,"template":"","meta":{"_monsterinsights_skip_tracking":false,"_monsterinsights_sitenote_active":false,"_monsterinsights_sitenote_note":"","_monsterinsights_sitenote_category":0},"product_cat":[531,318],"product_tag":[441,406],"_links":{"self":[{"href":"https:\/\/eurolink.ee\/fi\/wp-json\/wp\/v2\/product\/10407"}],"collection":[{"href":"https:\/\/eurolink.ee\/fi\/wp-json\/wp\/v2\/product"}],"about":[{"href":"https:\/\/eurolink.ee\/fi\/wp-json\/wp\/v2\/types\/product"}],"version-history":[{"count":5,"href":"https:\/\/eurolink.ee\/fi\/wp-json\/wp\/v2\/product\/10407\/revisions"}],"predecessor-version":[{"id":14188,"href":"https:\/\/eurolink.ee\/fi\/wp-json\/wp\/v2\/product\/10407\/revisions\/14188"}],"wp:featuredmedia":[{"embeddable":true,"href":"https:\/\/eurolink.ee\/fi\/wp-json\/wp\/v2\/media\/12376"}],"wp:attachment":[{"href":"https:\/\/eurolink.ee\/fi\/wp-json\/wp\/v2\/media?parent=10407"}],"wp:term":[{"taxonomy":"product_cat","embeddable":true,"href":"https:\/\/eurolink.ee\/fi\/wp-json\/wp\/v2\/product_cat?post=10407"},{"taxonomy":"product_tag","embeddable":true,"href":"https:\/\/eurolink.ee\/fi\/wp-json\/wp\/v2\/product_tag?post=10407"}],"curies":[{"name":"wp","href":"https:\/\/api.w.org\/{rel}","templated":true}]}}