{"id":10421,"date":"2022-07-24T17:03:07","date_gmt":"2022-07-24T17:03:07","guid":{"rendered":"https:\/\/eurolink.ee\/product\/panasonic-aw-ue100-4k-ndi-professional-streaming-ptz-camera\/"},"modified":"2024-02-21T18:19:56","modified_gmt":"2024-02-21T18:19:56","slug":"panasonic-aw-ue100-4k-ndi-professional-streaming-ptz-camera","status":"publish","type":"product","link":"https:\/\/eurolink.ee\/fi\/tuote\/panasonic-aw-ue100-4k-ndi-professional-streaming-ptz-camera\/","title":{"rendered":"Panasonic AW-UE100 4K NDI Professional Streaming PTZ Camera"},"content":{"rendered":"<h2 class=\"field__label product-details__sub-title\">KEY FEATURES<\/h2>\n<ul class=\"field__items\">\n<li class=\"field__item\">Supports a wide variety of IP transmission protocols, including NDI, NDI|HX, and SRT<\/li>\n<li class=\"field__item\">Supports 4K 60p shooting and 12G-SDI output<\/li>\n<li class=\"field__item\">Includes a wide-angle lens with a 74.1\u00b0 field of view and 24x optical zoom<\/li>\n<li class=\"field__item\">Supports FreeD for building AR\/VR systems<\/li>\n<li class=\"field__item\">Adopts new mechanical pan\/tilt for improved responsiveness and quietness<\/li>\n<\/ul>\n<p><iframe loading=\"lazy\" title=\"YouTube video player\" src=\"https:\/\/www.youtube.com\/embed\/uSkz1NOnBy0\" width=\"560\" height=\"315\" frameborder=\"0\" allowfullscreen=\"allowfullscreen\"><\/iframe><\/p>\n<h4>TECHNOLOGY GUIDES<\/h4>\n<ul>\n<li>10 FACTS About NDI<\/li>\n<\/ul>\n<hr \/>\n<ul>\n<li>4K 60p\/50p<sup>*1<\/sup>\u00a0PTZ camera supporting NDI and SRT (Black)<\/li>\n<li>Supports a wide variety of IP transmission protocols, including NDI<sup>*2<\/sup>, NDI|HX<sup>*5<\/sup>, and SRT<sup>*3<\/sup><\/li>\n<li>Supports 4K 60p\/50p<sup>*1<\/sup>\u00a0shooting and 12G-SDI output<\/li>\n<li>Includes a wide-angle lens with a 74.1\u00b0 field of view and 24x optical zoom<\/li>\n<li>RTMP\/RTMPS provides direct streaming to live broadcasting services such as YouTube Live and Facebook Live from the camera<\/li>\n<li>Supports FreeD<sup>*6<\/sup>\u00a0for building AR\/VR<sup>*7<\/sup>\u00a0systems<\/li>\n<li>Adopts new mechanical pan\/tilt for improved<\/li>\n<li>responsiveness and quietness<\/li>\n<\/ul>\n<p><small><sup>*1<\/sup>\u00a0Actual output format is UHD (3840 x 2160) 59.94p\/50p.<br \/>\n<sup>*2<\/sup>\u00a0NDI: High bandwidth NDI<br \/>\n<sup>*3<\/sup>\u00a0SRT: Secure Reliable Transport<br \/>\n<sup>*5<\/sup>\u00a0NDI|HX: High efficiency low bandwidth NDI |HX.<br \/>\n<sup>*6<\/sup>\u00a0FreeD is a protocol widely used in virtual studio systems for transmitting camera tracking information<br \/>\n<sup>*7<\/sup>\u00a0AR: Augmented Reality, VR: Virtual Reality<br \/>\n<\/small><\/p>\n<h4>SPECIFICATIONS<\/h4>\n<ul>\n<li><strong>Dimensions:<\/strong>\u00a0169.2mm x 170.6mm x 204.6mm | 6.66 x 6.72 x 8.06 inch<\/li>\n<li><strong>Image Sensor:<\/strong>\u00a01\/2.5-type 4K MOS x 1<\/li>\n<li><strong>NDI:<\/strong>\u00a0NDI &amp; NDI | HX<\/li>\n<li><strong>Output:<\/strong>\u00a0HDMI, 12G-SDI &amp; 3G-SDI<\/li>\n<li><strong>Remote Control Interface:<\/strong>\u00a0LAN &amp; RS-422<\/li>\n<li><strong>Weight:<\/strong>\u00a0Approx. 2.2kg \/ 4.85lbs<\/li>\n<li><strong>Zoom:<\/strong>\u00a024x optical zoom<\/li>\n<\/ul>\n<p>&nbsp;<\/p>\n","protected":false},"excerpt":{"rendered":"<p>Kaikki tekniset tiedot l\u00f6ytyv\u00e4t valmistajan verkkosivuilta <span style=\"color: #0053a4\"><a style=\"color: #0053a4\" href=\"https:\/\/pro-av.panasonic.net\/en\/products\/aw-ue100\/spec.html\" target=\"_blank\" rel=\"noopener\">t\u00e4\u00e4lt\u00e4 &gt;&gt;<\/a><\/span><\/p>\n","protected":false},"featured_media":12437,"template":"","meta":{"_monsterinsights_skip_tracking":false,"_monsterinsights_sitenote_active":false,"_monsterinsights_sitenote_note":"","_monsterinsights_sitenote_category":0},"product_cat":[531,318],"product_tag":[441,406],"_links":{"self":[{"href":"https:\/\/eurolink.ee\/fi\/wp-json\/wp\/v2\/product\/10421"}],"collection":[{"href":"https:\/\/eurolink.ee\/fi\/wp-json\/wp\/v2\/product"}],"about":[{"href":"https:\/\/eurolink.ee\/fi\/wp-json\/wp\/v2\/types\/product"}],"version-history":[{"count":5,"href":"https:\/\/eurolink.ee\/fi\/wp-json\/wp\/v2\/product\/10421\/revisions"}],"predecessor-version":[{"id":14190,"href":"https:\/\/eurolink.ee\/fi\/wp-json\/wp\/v2\/product\/10421\/revisions\/14190"}],"wp:featuredmedia":[{"embeddable":true,"href":"https:\/\/eurolink.ee\/fi\/wp-json\/wp\/v2\/media\/12437"}],"wp:attachment":[{"href":"https:\/\/eurolink.ee\/fi\/wp-json\/wp\/v2\/media?parent=10421"}],"wp:term":[{"taxonomy":"product_cat","embeddable":true,"href":"https:\/\/eurolink.ee\/fi\/wp-json\/wp\/v2\/product_cat?post=10421"},{"taxonomy":"product_tag","embeddable":true,"href":"https:\/\/eurolink.ee\/fi\/wp-json\/wp\/v2\/product_tag?post=10421"}],"curies":[{"name":"wp","href":"https:\/\/api.w.org\/{rel}","templated":true}]}}