{"id":10428,"date":"2022-07-19T19:30:40","date_gmt":"2022-07-19T19:30:40","guid":{"rendered":"https:\/\/eurolink.ee\/product\/panasonic-ag-umr20-memory-card-portable-recorder\/"},"modified":"2024-02-21T18:19:55","modified_gmt":"2024-02-21T18:19:55","slug":"panasonic-ag-umr20-memory-card-portable-recorder","status":"publish","type":"product","link":"https:\/\/eurolink.ee\/fi\/tuote\/panasonic-ag-umr20-memory-card-portable-recorder\/","title":{"rendered":"Panasonic AG-UMR20 Memory Card Portable Recorder"},"content":{"rendered":"<p><b>Touch-Panel LCD Monitor<\/b><\/p>\n<div class=\"description-wrap\">\n<p><b><br \/>\n\u2022 High resolution<\/b><br \/>\n16:9 screen, 3.5-inch, approx. 1.15-megadot panel<br \/>\n<b><br \/>\n\u2022 Touch panel<\/b><br \/>\nCompact size and multifunctional operating ease.<\/p>\n<p>Menu settings and User buttons can be operated by touch.<br \/>\n<b><br \/>\n\u2022 13 User buttons<\/b><br \/>\nIn addition to one hard key, 12 User buttons are displayed. Functions can be allocated to each. Four Scene File buttons also allow easy switching of the scene setting.<br \/>\n<b><br \/>\n\u2022 LCD reverse display<\/b><br \/>\nThe image displayed on the LCD monitor can be reversed vertically and horizontally. The camera head can be reversed vertically to match installation conditions.<\/p>\n<p>When the image is reversed, the recorded image will remain in its original orientation.<br \/>\n<b><br \/>\n\u2022 WFM display<\/b><br \/>\nWaveform (WFM) and Vector Scope (VECTOR) display supported.<br \/>\n<b><br \/>\n\u2022 LCD DTL<\/b><br \/>\nThe contours of the display image are emphasized to aid in focusing<\/p>\n<p>Even when the contours are emphasized, the recorded image will not be affected.<\/p>\n<p><b>LAN Terminal for IP Streaming and IP Control<\/b><br \/>\nThe LAN terminal supports video and audio streaming distribution to networks, as well as file transfers and external control. Access from PCs and tablets is achieved by web browser, with no special app required. Control is also possible by a Panasonic remote camera system IP controller for integrated system operation. Open IP commands also make it easy for users to design original systems<br \/>\n<b><br \/>\n\u2022 IP control<\/b><br \/>\nRemote control from a PC, tablet or IP controller enables Rec Start\/Stop, Clip Delete, and compact Camera Head control (Zoom, Focus, Iris, and Menu Settings).<br \/>\n<b><br \/>\n\u2022 IP streaming<\/b><br \/>\nVideo and Audio IP streaming supported. Signals can be received and monitored by PCs, tablets, and IP decoders.<br \/>\n<b><br \/>\n\u2022 File transfer<\/b><br \/>\nRecorded clips can be downloaded by a network PC.<\/p>\n<p><b>A REMOTE Terminal that also controls Focus and Iris<\/b><br \/>\nTwo REMOTE terminals provide fingertip control. In addition to the Rec Start\/Stop and Zoom operations a terminal for focus and iris is also provided.<\/p>\n<p><b>Versatile Recording Functions for Professional Use<\/b><br \/>\n<b><br \/>\n\u2022 Producing photos from video<\/b><br \/>\nSingle-frame image files can be converted from recorded video images. These can be used for highquality photos.<br \/>\n<b><br \/>\n\u2022 Last clip delete<\/b><br \/>\nThe clip that was recorded immediately before can be deleted with a single touch. This function can also be allocated to a User button.<br \/>\n<b><br \/>\n\u2022 Time stamp<\/b><br \/>\nDate and time information can be superimposed onto images. Usable for extended research activities and nature observations.<br \/>\n<b><br \/>\n\u2022 TC\/UB recording<\/b><br \/>\nAn SMPTE time code generator is built-in.<\/p>\n<p>Color bar signal output (with 1-kHz audio test tone).When [SYSTEM FREQ] is set to [50 Hz], a 997-Hz test tone is output.<\/p>\n<p><b>Supported Batteries (Not Included)<\/b><br \/>\nAG-VBR118G (11800mAh, approx. 280 minutes)<br \/>\nAG-VBR89G (8850mAh, approx. 240 minutes)<br \/>\nAG-VBR59 (5900mAh, approx. 200 minutes)<\/p>\n<\/div>\n<div id=\"features\" class=\"productFeature section\" data-scrollto=\"\" data-title=\"Features\">\n<h2 class=\"tabSectionHeader\">Panasonic AG-UMR20 Features<\/h2>\n<ul>\n<li>Touch-Panel LCD Monitor<\/li>\n<li>LAN Terminal for IP Streaming and IP Control<\/li>\n<li>A REMOTE Terminal that also controls Focus and Iris<\/li>\n<li>Versatile Recording Functions for Professional Use<\/li>\n<\/ul>\n<\/div>\n","protected":false},"excerpt":{"rendered":"<p>Kaikki tekniset tiedot l\u00f6ytyv\u00e4t valmistajan verkkosivuilta <span style=\"color: #0053a4\"><a style=\"color: #0053a4\" href=\"https:\/\/eu.connect.panasonic.com\/fi\/en\/products\/broadcast-proav\/ag-umr20\" target=\"_blank\" rel=\"noopener\">t\u00e4\u00e4lt\u00e4 &gt;&gt;<\/a><\/span><\/p>\n","protected":false},"featured_media":11949,"template":"","meta":{"_monsterinsights_skip_tracking":false,"_monsterinsights_sitenote_active":false,"_monsterinsights_sitenote_note":"","_monsterinsights_sitenote_category":0},"product_cat":[531,331],"product_tag":[441],"_links":{"self":[{"href":"https:\/\/eurolink.ee\/fi\/wp-json\/wp\/v2\/product\/10428"}],"collection":[{"href":"https:\/\/eurolink.ee\/fi\/wp-json\/wp\/v2\/product"}],"about":[{"href":"https:\/\/eurolink.ee\/fi\/wp-json\/wp\/v2\/types\/product"}],"version-history":[{"count":5,"href":"https:\/\/eurolink.ee\/fi\/wp-json\/wp\/v2\/product\/10428\/revisions"}],"predecessor-version":[{"id":14192,"href":"https:\/\/eurolink.ee\/fi\/wp-json\/wp\/v2\/product\/10428\/revisions\/14192"}],"wp:featuredmedia":[{"embeddable":true,"href":"https:\/\/eurolink.ee\/fi\/wp-json\/wp\/v2\/media\/11949"}],"wp:attachment":[{"href":"https:\/\/eurolink.ee\/fi\/wp-json\/wp\/v2\/media?parent=10428"}],"wp:term":[{"taxonomy":"product_cat","embeddable":true,"href":"https:\/\/eurolink.ee\/fi\/wp-json\/wp\/v2\/product_cat?post=10428"},{"taxonomy":"product_tag","embeddable":true,"href":"https:\/\/eurolink.ee\/fi\/wp-json\/wp\/v2\/product_tag?post=10428"}],"curies":[{"name":"wp","href":"https:\/\/api.w.org\/{rel}","templated":true}]}}