{"id":10435,"date":"2022-07-19T19:26:19","date_gmt":"2022-07-19T19:26:19","guid":{"rendered":"https:\/\/eurolink.ee\/product\/panasonic-varicam-35-4k-hdr-professional-cinema-camera\/"},"modified":"2024-02-21T18:20:03","modified_gmt":"2024-02-21T18:20:03","slug":"panasonic-varicam-35-4k-hdr-professional-cinema-camera","status":"publish","type":"product","link":"https:\/\/eurolink.ee\/fi\/tuote\/panasonic-varicam-35-4k-hdr-professional-cinema-camera\/","title":{"rendered":"Panasonic VariCam 35 4K HDR Professional Cinema Camera"},"content":{"rendered":"<h2 class=\"field__label product-details__sub-title\">KEY FEATURES<\/h2>\n<ul class=\"field__items\">\n<li class=\"field__item\">Contains new Super 35mm MOS sensor for high-speed, 120fps, for true 4K (4096&#215;2160) image capture<\/li>\n<li class=\"field__item\">14+ stops of latitude lets you record HDR ready images, displaying expanded highlight and shadow detail<\/li>\n<li class=\"field__item\">Dual-native ISO settings of 800 and 5000 achieves high sensitivity while maintaining a low noise level<\/li>\n<li class=\"field__item\">Modular design that adds versailitiy for creative shooting situations<\/li>\n<li class=\"field__item\">Offers HD\/2K Apple ProRes and Panasonic&#8217;s 4K capable AVC-ULTRA family of advanced production codecs<\/li>\n<\/ul>\n","protected":false},"excerpt":{"rendered":"<p>Kaikki tekniset tiedot l\u00f6ytyv\u00e4t valmistajan verkkosivuilta <span style=\"color: #0053a4\"><a style=\"color: #0053a4\" href=\"https:\/\/eu.connect.panasonic.com\/fi\/en\/products\/broadcast-proav\/varicam-35\" target=\"_blank\" rel=\"noopener\">t\u00e4\u00e4lt\u00e4 &gt;&gt;<\/a><\/span><\/p>\n","protected":false},"featured_media":13101,"template":"","meta":{"_monsterinsights_skip_tracking":false,"_monsterinsights_sitenote_active":false,"_monsterinsights_sitenote_note":"","_monsterinsights_sitenote_category":0},"product_cat":[531,322],"product_tag":[441,409],"_links":{"self":[{"href":"https:\/\/eurolink.ee\/fi\/wp-json\/wp\/v2\/product\/10435"}],"collection":[{"href":"https:\/\/eurolink.ee\/fi\/wp-json\/wp\/v2\/product"}],"about":[{"href":"https:\/\/eurolink.ee\/fi\/wp-json\/wp\/v2\/types\/product"}],"version-history":[{"count":6,"href":"https:\/\/eurolink.ee\/fi\/wp-json\/wp\/v2\/product\/10435\/revisions"}],"predecessor-version":[{"id":14293,"href":"https:\/\/eurolink.ee\/fi\/wp-json\/wp\/v2\/product\/10435\/revisions\/14293"}],"wp:featuredmedia":[{"embeddable":true,"href":"https:\/\/eurolink.ee\/fi\/wp-json\/wp\/v2\/media\/13101"}],"wp:attachment":[{"href":"https:\/\/eurolink.ee\/fi\/wp-json\/wp\/v2\/media?parent=10435"}],"wp:term":[{"taxonomy":"product_cat","embeddable":true,"href":"https:\/\/eurolink.ee\/fi\/wp-json\/wp\/v2\/product_cat?post=10435"},{"taxonomy":"product_tag","embeddable":true,"href":"https:\/\/eurolink.ee\/fi\/wp-json\/wp\/v2\/product_tag?post=10435"}],"curies":[{"name":"wp","href":"https:\/\/api.w.org\/{rel}","templated":true}]}}