{"id":11290,"date":"2023-02-21T10:00:54","date_gmt":"2023-02-21T10:00:54","guid":{"rendered":"https:\/\/eurolink.ee\/?post_type=product&#038;p=11290"},"modified":"2024-02-21T18:20:05","modified_gmt":"2024-02-21T18:20:05","slug":"technics-sc-c30e-w","status":"publish","type":"product","link":"https:\/\/eurolink.ee\/fi\/tuote\/technics-sc-c30e-w\/","title":{"rendered":"Technics SC-C30E-W"},"content":{"rendered":"<ul>\n<li>JENO Engine (Jitter Elimination and Noise-shaping Optimization)<\/li>\n<li>Load Adaptive Phase Calibration (w\/o Calibration function)<\/li>\n<li>Space Tune\u2122<\/li>\n<li>Twin Power Supply Circuit System<\/li>\n<li>Acoustic Lens<\/li>\n<li>Truly Powerful Architecture<\/li>\n<\/ul>\n<p><strong>Space Tune<\/strong><br \/>\nTo provide the OTTAVA SC-C30E-W Wireless Speaker\u2019s excellent sound in every room and listening position, Space Tune optimises the listening environment to the sound space. In addition to offering 3 preset modes to suit the mounting location, a microphone built into the main unit enables an Auto function to optimise the sound and an iOS device can also be used to measure and compensate the frequency response with greater precision. This allows the user to enjoy higher sound quality regardless of where the unit is placed.<\/p>\n<ul>\n<li><strong>Optimally Balanced Sound for any Listening Environment Space Tune\u2122 \u2013<\/strong> To provide the OTTAVA\u2122 S SC-C30E-W\u2019s excellent sound in every room and listening position, Space Tune optimises the listening environment to the sound space. In addition to offering 3 preset modes to suit the mounting location, a microphone built into the main unit enables an Auto function to optimise the sound and an iOS device can also be used to measure and compensate the frequency response with greater precision. This allows the user to enjoy higher sound quality regardless of where the unit is placed.<\/li>\n<li><strong>Three Presets \u2013<\/strong>\u00a0Free \/ Wall \/ Corner easily optimise the sound quality.<\/li>\n<li><strong>Auto \u2013<\/strong>\u00a0With a simple operation using the built-in mics of the SC-C30, the sound quality can be automatically optimised.<\/li>\n<li><strong>Precise Adjustment Using Technics Audio Center app (with iOS Device)<\/strong>\u00a0\u2013 The app measures and compensates for frequency characteristics.<\/li>\n<\/ul>\n<p><strong>A Wide Soundstage from a Compact Body<\/strong><br \/>\nThree 1.6-cm tweeters deliver high-res sound up to 50 kHz. This combines with a front-firing 12-cm long-stroke subwoofer and a straight, large-diameter, long port. A total of 7 units in the rigid, glass fibre reinforced body produce powerful sound from the 3.1-channel amplifier.<\/p>\n<p><strong>Accurate and Rich Sound Reproduction<br \/>\n<\/strong>The SC-C30 Wireless Speaker is equipped with three units of Technics\u2019 original JENO Engine (Jitter Elimination and Noise-shaping Optimization) full-digital amp. The JENO Engine drives each speaker unit accurately and powerfully. Furthermore, the impulse response improvement technology, LAPC (Load Adaptive Phase Calibration), realises ideal speaker drive to deliver accurate and information-rich sound.<\/p>\n<p><strong>Faithful Sound Reproduction from Bluetooth\u00ae and Compressed Audio Sources<\/strong><br \/>\nTechnology is utilised to reproduce high-quality sound from compressed audio sources used in streaming music services, Internet radio and Bluetooth\u00ae. Technics\u2019 Re-master technology uses a proprietary algorithm reproduces signals as close to the original audio source as possible, reducing sound quality degradation that normally occurs in the reproduction of audio signals from compressed audio sources.<\/p>\n<p><strong>Elegant and Timeless Design<\/strong><br \/>\nThe OTTAVA\u2122 S SC-C30 Wireless Speaker combines practical function with elegant design. The thick aluminium top panel increases the rigidity of the chassis, and the iconic OLED is surrounded by ring keys for easy operation. Rear louvers add further elegance while enhancing the function of an internal heat-reducing mechanism. And the beautiful arc form, which helps to eliminate unwanted vibration and standing wave in the chassis, incorporates acoustic technology to achieve a wide sound stage. This lets you freely place the OTTAVA\u2122 S SC-C30 to suit the listening position. And you can also choose a black or white colour to match your room.<\/p>\n<p><strong>Complete Compatibility<\/strong><br \/>\nIn addition to USB playback and analogue\/optical input, the OTTAVA\u2122 S SC-C30 Wireless Speaker supports Bluetooth\u00ae, AirPlay 2, Chromecast built-in, Spotify, Tidal, Deezer, Internet Radio and Network Playback, allowing comfortable playback of a diverse range of music sources from a single unit. High connectivity also supports multi-room, stereo pairs, and Wi-Fi, as well as iOS and Android control apps.<\/p>\n<p><strong>Accurate Digital Technology<\/strong><br \/>\nJENO Engine (Jitter Elimination and Noise-shaping Optimization)<br \/>\nLoad Adaptive Phase Calibration (w\/o Calibration function)<br \/>\nSpace Tune\u2122<br \/>\n<strong>Noiseless Signal Technology<\/strong><br \/>\nTwin Power Supply Circuit System<br \/>\n<strong>Emotive Acoustic Technology<\/strong><br \/>\nAcoustic Lens<br \/>\nTruly Powerful Architecture<br \/>\n<strong>Output Power<\/strong><br \/>\nFront speaker (L\/R) \u2013 15 W + 15 W (1 kHz, T.H.D. 1.0 %, 8 \u03a9, 20 kHz LPF)<br \/>\nSubwoofer \u2013 30 W (100 Hz, T.H.D. 1.0%\uff0c4 \u03a9\uff0c20 kHz LPF)<br \/>\n<strong>Speaker Unit<\/strong><br \/>\nWoofer : 6.5 cm Cone Type x 2<br \/>\nTweeter: 1.6 cm Dome Type x 2<br \/>\nSubwoofer: 12 cm Cone Type<br \/>\n<strong>Analogue Input Terminal<\/strong><br \/>\nAUX IN x 1 (\u03c6 3.5 mm)<br \/>\n<strong>Digital Input Terminal<\/strong><br \/>\nOptical Digital x1, USB-A x 1<br \/>\n<strong>USB-A \/ Network Playback Support Codec<\/strong><br \/>\niPod\/iPhone\/iPad \u2013 No<br \/>\nWAV \/ AIFF \u2013 Yes (32, 44.1, 48, 88.2, 96, 176.4, 192, 352.8, 384 kHz \/ 16, 24, 32 bit)<br \/>\nFLAC \/ ALAC \u2013 Yes (32, 44.1, 48, 88.2, 96, 176.4, 192, 352.8, 384 kHz \/ 16, 24 bit)<br \/>\nDSD \u2013 Yes (2.8 MHz, 5.6 MHz, 11.2MHz)<br \/>\nAAC \u2013 Yes (32, 44.1, 48, 88.2, 96 kHz \/ 16-320 kbps)<br \/>\nMP3 \u2013 Yes (32, 44.1, 48 kHz \/ 16-320 kbps)<br \/>\n<strong>Ethernet Interface<\/strong><br \/>\nLAN (100 Base-TX \/ 10 Base-T)<br \/>\n<strong>Wi-Fi<\/strong><br \/>\nIEEE 802.11 a\/b\/g\/n\/ac, 2.4 GHz \/ 5 GHz Band<br \/>\n<strong>Chromecast built-in<\/strong><br \/>\nYes<br \/>\n<strong>Works with the Google Assistant<\/strong><br \/>\nYes<br \/>\n<strong>Multi-room<\/strong><br \/>\nYes<br \/>\n<strong>Stereo Pairing<\/strong><br \/>\nYes (*compatible with Technics Audio Center app)<br \/>\n<strong>AirPlay 2<\/strong><br \/>\nYes<br \/>\n<strong>Bluetooth (Support codec)<\/strong><br \/>\nYes (AAC, SBC)<br \/>\n<strong>Spotify \/ TIDAL \/ DEEZER \/ Internet Radio<\/strong><br \/>\nYes<br \/>\n<strong>Power Supply<\/strong><br \/>\nAC 220-240 V, 50 Hz \/ 60 Hz<br \/>\n<strong>Power Consumption<\/strong><br \/>\n30 W<br \/>\n<strong>Dimensions (W x H x D)<\/strong><br \/>\n315 x 190 x 191 mm<br \/>\n<strong>Weight<\/strong><br \/>\nApprox. 4.5 kg<br \/>\n<strong>Accessories<\/strong><br \/>\nAC Cord, Owner\u2019s Manual<\/p>\n","protected":false},"excerpt":{"rendered":"<p>Technics SC-C30 &#8211; Kaikki tekniset tiedot l\u00f6ytyv\u00e4t valmistajan verkkosivuilta <span style=\"color: #0053a4;\"><a style=\"color: #0053a4;\" href=\"https:\/\/www.technics.com\/fi\/products\/premium-class\/ottava-s\/sc-c30.html\" target=\"_blank\" rel=\"noopener\">t\u00e4\u00e4lt\u00e4 &gt;&gt;<\/a><\/span><\/p>\n","protected":false},"featured_media":14655,"template":"","meta":{"_monsterinsights_skip_tracking":false,"_monsterinsights_sitenote_active":false,"_monsterinsights_sitenote_note":"","_monsterinsights_sitenote_category":0},"product_cat":[528,361],"product_tag":[452,455],"_links":{"self":[{"href":"https:\/\/eurolink.ee\/fi\/wp-json\/wp\/v2\/product\/11290"}],"collection":[{"href":"https:\/\/eurolink.ee\/fi\/wp-json\/wp\/v2\/product"}],"about":[{"href":"https:\/\/eurolink.ee\/fi\/wp-json\/wp\/v2\/types\/product"}],"version-history":[{"count":4,"href":"https:\/\/eurolink.ee\/fi\/wp-json\/wp\/v2\/product\/11290\/revisions"}],"predecessor-version":[{"id":16167,"href":"https:\/\/eurolink.ee\/fi\/wp-json\/wp\/v2\/product\/11290\/revisions\/16167"}],"wp:featuredmedia":[{"embeddable":true,"href":"https:\/\/eurolink.ee\/fi\/wp-json\/wp\/v2\/media\/14655"}],"wp:attachment":[{"href":"https:\/\/eurolink.ee\/fi\/wp-json\/wp\/v2\/media?parent=11290"}],"wp:term":[{"taxonomy":"product_cat","embeddable":true,"href":"https:\/\/eurolink.ee\/fi\/wp-json\/wp\/v2\/product_cat?post=11290"},{"taxonomy":"product_tag","embeddable":true,"href":"https:\/\/eurolink.ee\/fi\/wp-json\/wp\/v2\/product_tag?post=11290"}],"curies":[{"name":"wp","href":"https:\/\/api.w.org\/{rel}","templated":true}]}}