{"id":11320,"date":"2023-02-21T10:10:10","date_gmt":"2023-02-21T10:10:10","guid":{"rendered":"https:\/\/eurolink.ee\/product\/technics-sl-1200geg-s\/"},"modified":"2024-02-21T18:20:06","modified_gmt":"2024-02-21T18:20:06","slug":"technics-sl-1200gegs","status":"publish","type":"product","link":"https:\/\/eurolink.ee\/fi\/tuote\/technics-sl-1200gegs\/","title":{"rendered":"Technics SL-1200GEGS"},"content":{"rendered":"","protected":false},"excerpt":{"rendered":"<p>Technics SL-1200GEG &#8211; Kaikki tekniset tiedot l\u00f6ytyv\u00e4t valmistajan verkkosivuilta <span style=\"color: #0053a4;\"><a style=\"color: #0053a4;\" href=\"https:\/\/www.technics.com\/fi\/products\/grand-class\/sl1200g-series\/sl-1200g.html\" target=\"_blank\" rel=\"noopener\">t\u00e4\u00e4lt\u00e4 &gt;&gt;<\/a><\/span><\/p>\n","protected":false},"featured_media":14383,"template":"","meta":{"_monsterinsights_skip_tracking":false,"_monsterinsights_sitenote_active":false,"_monsterinsights_sitenote_note":"","_monsterinsights_sitenote_category":0},"product_cat":[528,334,346],"product_tag":[],"_links":{"self":[{"href":"https:\/\/eurolink.ee\/fi\/wp-json\/wp\/v2\/product\/11320"}],"collection":[{"href":"https:\/\/eurolink.ee\/fi\/wp-json\/wp\/v2\/product"}],"about":[{"href":"https:\/\/eurolink.ee\/fi\/wp-json\/wp\/v2\/types\/product"}],"version-history":[{"count":5,"href":"https:\/\/eurolink.ee\/fi\/wp-json\/wp\/v2\/product\/11320\/revisions"}],"predecessor-version":[{"id":16228,"href":"https:\/\/eurolink.ee\/fi\/wp-json\/wp\/v2\/product\/11320\/revisions\/16228"}],"wp:featuredmedia":[{"embeddable":true,"href":"https:\/\/eurolink.ee\/fi\/wp-json\/wp\/v2\/media\/14383"}],"wp:attachment":[{"href":"https:\/\/eurolink.ee\/fi\/wp-json\/wp\/v2\/media?parent=11320"}],"wp:term":[{"taxonomy":"product_cat","embeddable":true,"href":"https:\/\/eurolink.ee\/fi\/wp-json\/wp\/v2\/product_cat?post=11320"},{"taxonomy":"product_tag","embeddable":true,"href":"https:\/\/eurolink.ee\/fi\/wp-json\/wp\/v2\/product_tag?post=11320"}],"curies":[{"name":"wp","href":"https:\/\/api.w.org\/{rel}","templated":true}]}}