{"id":11345,"date":"2023-02-21T10:18:51","date_gmt":"2023-02-21T10:18:51","guid":{"rendered":"https:\/\/eurolink.ee\/product\/technics-sl-1210gaena\/"},"modified":"2024-02-21T18:20:07","modified_gmt":"2024-02-21T18:20:07","slug":"technics-sl-1210gaena","status":"publish","type":"product","link":"https:\/\/eurolink.ee\/fi\/tuote\/technics-sl-1210gaena\/","title":{"rendered":"Technics SL-1210GAENA"},"content":{"rendered":"<div class=\"table-row row-bg\">\n<div class=\"table-cell\"><b>General<\/b><\/div>\n<div class=\"table-cell\"><\/div>\n<\/div>\n<div class=\"table-row row-bg\">\n<div class=\"table-cell\">Power Supply<\/div>\n<div class=\"table-cell\">AC120 V, 60 Hz<\/div>\n<\/div>\n<div class=\"table-row row-bg\">\n<div class=\"table-cell\">Power Consumption<\/div>\n<div class=\"table-cell\">14 W Approx. 0.2W (Standby)<\/div>\n<\/div>\n<div class=\"table-row row-bg\">\n<div class=\"table-cell\">Dimensions (W x H x D)<\/div>\n<div class=\"table-cell\">17-27\/32 x 6-13\/16 x 14-21\/32 inch<\/div>\n<\/div>\n<div class=\"table-row row-bg\">\n<div class=\"table-cell\">Weight<\/div>\n<div class=\"table-cell\">Approx. 39.7lbs<\/div>\n<\/div>\n<div class=\"table-row row-bg\">\n<div class=\"table-cell\">Accessories<\/div>\n<div class=\"table-cell\">Turntable, Turntable sheet, Dust cover, EP record adaptor, Balance weight, Auxiliary weight(S), Auxiliary weight(L), Head shell, Overhang gauge, Screw set for cartridge, PHONO cable, PHONO earth lead, AC power supply cord, Screw set for turntable, Owner&#8217;s Manual<\/div>\n<\/div>\n<div class=\"table-row \">\n<div class=\"table-cell\"><b>Terminals<\/b><\/div>\n<div class=\"table-cell\"><\/div>\n<\/div>\n<div class=\"table-row \">\n<div class=\"table-cell\">Audio Output<\/div>\n<div class=\"table-cell\">PHONO (Pin Jack) x 1, EARTH TERMINAL x 1<\/div>\n<\/div>\n<div class=\"table-row row-bg\">\n<div class=\"table-cell\"><b>Tonearm Section<\/b><\/div>\n<div class=\"table-cell\"><\/div>\n<\/div>\n<div class=\"table-row row-bg\">\n<div class=\"table-cell\">Type<\/div>\n<div class=\"table-cell\">Universal Static Balance<\/div>\n<\/div>\n<div class=\"table-row row-bg\">\n<div class=\"table-cell\">Effective Length<\/div>\n<div class=\"table-cell\">230mm (9-1\/16&#8243;)<\/div>\n<\/div>\n<div class=\"table-row row-bg\">\n<div class=\"table-cell\">Overhang<\/div>\n<div class=\"table-cell\">15mm (19\/32&#8243;)<\/div>\n<\/div>\n<div class=\"table-row row-bg\">\n<div class=\"table-cell\">Tracking Error Angle<\/div>\n<div class=\"table-cell\">Within 2\u00b0 32&#8217;\u3000(at the outer groove of 30cm(12&#8243;) record), Within 0\u00b0 32&#8217;\u3000(at the inner groove of 30cm(12&#8243;) record)<\/div>\n<\/div>\n<div class=\"table-row row-bg\">\n<div class=\"table-cell\">Offset Angle<\/div>\n<div class=\"table-cell\">22\u00b0<\/div>\n<\/div>\n<div class=\"table-row row-bg\">\n<div class=\"table-cell\">Arm-height Adjustment Range<\/div>\n<div class=\"table-cell\">0 &#8211; 6 mm<\/div>\n<\/div>\n<div class=\"table-row row-bg\">\n<div class=\"table-cell\">Stylus Pressure Adjustment Range<\/div>\n<div class=\"table-cell\">0 &#8211; 4 g (direct reading)<\/div>\n<\/div>\n<div class=\"table-row row-bg\">\n<div class=\"table-cell\">Head Shell Weight<\/div>\n<div class=\"table-cell\">Approx. 7.6 g<\/div>\n<\/div>\n<div class=\"table-row row-bg\">\n<div class=\"table-cell\">Applicable Cartridge Weight Range<\/div>\n<div class=\"table-cell\">(without auxiliary weight) 5.6 &#8211; 12.0g 14.3 &#8211; 20.7g (including headshell) (with small auxiliary weight) 10.0 &#8211; 16.4g 18.7 &#8211; 25.1g (including headshell) (with large auxiliary weight) 14.3 &#8211; 19.8g 23.0 &#8211; 28.5g (including headshell)<\/div>\n<\/div>\n<div class=\"table-row row-bg\">\n<div class=\"table-cell\">Cartridge Mounting Dimension<\/div>\n<div class=\"table-cell\">JIS 12.7 mm Interval<\/div>\n<\/div>\n<div class=\"table-row row-bg\">\n<div class=\"table-cell\">Head Shell Terminal Lug<\/div>\n<div class=\"table-cell\">1.2 mm \u03c6 4-pin Terminal Lug<\/div>\n<\/div>\n<div class=\"table-row \">\n<div class=\"table-cell\"><b>Turntable Section<\/b><\/div>\n<div class=\"table-cell\"><\/div>\n<\/div>\n<div class=\"table-row \">\n<div class=\"table-cell\">Type<\/div>\n<div class=\"table-cell\">Direct Drive Manual Turntable<\/div>\n<\/div>\n<div class=\"table-row \">\n<div class=\"table-cell\">Turntable Speeds<\/div>\n<div class=\"table-cell\">33 1\/3, 45, 78 rpm<\/div>\n<\/div>\n<div class=\"table-row \">\n<div class=\"table-cell\">Adjust Range<\/div>\n<div class=\"table-cell\">\u00b18%, \u00b116%<\/div>\n<\/div>\n<div class=\"table-row \">\n<div class=\"table-cell\">Starting Torque<\/div>\n<div class=\"table-cell\">3.3\u3000kg\uff65cm (2.8 lb-in)<\/div>\n<\/div>\n<div class=\"table-row \">\n<div class=\"table-cell\">Build-up Characteristics<\/div>\n<div class=\"table-cell\">0.7 s. from standstill to 33 1\/3 r\/min<\/div>\n<\/div>\n<div class=\"table-row \">\n<div class=\"table-cell\">Wow And Flutter<\/div>\n<div class=\"table-cell\">0.025%\u3000W.R.M.S. (JIS C5521)<\/div>\n<\/div>\n<div class=\"table-row \">\n<div class=\"table-cell\">Rumble<\/div>\n<div class=\"table-cell\">78dB\u3000(IEC 98A Weighted)<\/div>\n<\/div>\n<div class=\"table-row \">\n<div class=\"table-cell\">Turntable Platter<\/div>\n<div class=\"table-cell\">Brass and Aluminum diecast combined, Diameter 332mm (13-5\/64&#8243;), Weight\uff1aAbout 3.6kg (7 15\/16 lb) (Including rubber sheet)<\/div>\n<\/div>\n","protected":false},"excerpt":{"rendered":"<p>Technics SL-1210G &#8211; Kaikki tekniset tiedot l\u00f6ytyv\u00e4t valmistajan verkkosivuilta <span style=\"color: #0053a4;\"><a style=\"color: #0053a4;\" href=\"https:\/\/www.technics.com\/fi\/products\/grand-class\/sl1200g-series\/sl-1210g.html\" target=\"_blank\" rel=\"noopener\">t\u00e4\u00e4lt\u00e4 &gt;&gt;<\/a><\/span><\/p>\n","protected":false},"featured_media":14488,"template":"","meta":{"_monsterinsights_skip_tracking":false,"_monsterinsights_sitenote_active":false,"_monsterinsights_sitenote_note":"","_monsterinsights_sitenote_category":0},"product_cat":[528,334,346],"product_tag":[455,458],"_links":{"self":[{"href":"https:\/\/eurolink.ee\/fi\/wp-json\/wp\/v2\/product\/11345"}],"collection":[{"href":"https:\/\/eurolink.ee\/fi\/wp-json\/wp\/v2\/product"}],"about":[{"href":"https:\/\/eurolink.ee\/fi\/wp-json\/wp\/v2\/types\/product"}],"version-history":[{"count":4,"href":"https:\/\/eurolink.ee\/fi\/wp-json\/wp\/v2\/product\/11345\/revisions"}],"predecessor-version":[{"id":16256,"href":"https:\/\/eurolink.ee\/fi\/wp-json\/wp\/v2\/product\/11345\/revisions\/16256"}],"wp:featuredmedia":[{"embeddable":true,"href":"https:\/\/eurolink.ee\/fi\/wp-json\/wp\/v2\/media\/14488"}],"wp:attachment":[{"href":"https:\/\/eurolink.ee\/fi\/wp-json\/wp\/v2\/media?parent=11345"}],"wp:term":[{"taxonomy":"product_cat","embeddable":true,"href":"https:\/\/eurolink.ee\/fi\/wp-json\/wp\/v2\/product_cat?post=11345"},{"taxonomy":"product_tag","embeddable":true,"href":"https:\/\/eurolink.ee\/fi\/wp-json\/wp\/v2\/product_tag?post=11345"}],"curies":[{"name":"wp","href":"https:\/\/api.w.org\/{rel}","templated":true}]}}