{"id":11354,"date":"2023-02-21T10:22:08","date_gmt":"2023-02-21T10:22:08","guid":{"rendered":"https:\/\/eurolink.ee\/product\/technics-sl-1210geg-k\/"},"modified":"2024-02-21T18:20:07","modified_gmt":"2024-02-21T18:20:07","slug":"technics-sl-1210geg-k","status":"publish","type":"product","link":"https:\/\/eurolink.ee\/fi\/tuote\/technics-sl-1210geg-k\/","title":{"rendered":"Technics SL-1210GEG-K"},"content":{"rendered":"<p><strong>Turntable Section<\/strong><\/p>\n<ul>\n<li>Type:\u00a0\u00a0<span class=\"typ-body-1\">Direct Drive Manual Turntable<\/span><\/li>\n<li>Turntable Speeds:\u00a0\u00a0<span class=\"typ-body-1\">33-1\/3, 45 and 78 rpm<\/span><\/li>\n<li>Adjust Range:\u00a0\u00a0<span class=\"typ-body-1\">\u00b18 %, \u00b116 %<\/span><\/li>\n<li>Starting Torque:\u00a0\u00a0<span class=\"typ-body-1\">3.3 kg-cm<\/span><\/li>\n<li>Build-up Characteristics:\u00a0\u00a0<span class=\"typ-body-1\">0.7 s. from Standstill to 33-1\/3 rpm<\/span><\/li>\n<li>Wow And Flutter:\u00a0\u00a0<span class=\"typ-body-1\">0.025 % W.R.M.S. (JIS C5521)<\/span><\/li>\n<li>Rumble:\u00a0\u00a0<span class=\"typ-body-1\">78 dB (IEC 98A weighted)<\/span><\/li>\n<li>Turntable Platter:\n<ul>\n<li><span class=\"typ-body-1\">Brass and aluminium die-cast combined<\/span><\/li>\n<li><span class=\"typ-body-1\">Diameter 332 mm<\/span><\/li>\n<li><span class=\"typ-body-1\">Weight Approx. 3.6 kg (including a rubber mat)<\/span><\/li>\n<\/ul>\n<\/li>\n<\/ul>\n<p><strong>Tonearm Section<\/strong><\/p>\n<ul>\n<li>Type:\u00a0\u00a0<span class=\"typ-body-1\">Universal Static Balance<\/span><\/li>\n<li>Effective Length:\u00a0 230 mm<\/li>\n<li>Overhang:\u00a0 15 mm<\/li>\n<li>Tracking Error Angle:\n<ul>\n<li><span class=\"typ-body-1\">Within 2\u00b0 32\u2032 (at the outer groove of 30 cm \/ 12\u2033 record)<\/span><\/li>\n<li><span class=\"typ-body-1\">Within 0\u00b0 32\u2032 (at the inner groove of 30 cm \/ 12\u2033 record)<\/span><\/li>\n<\/ul>\n<\/li>\n<li>Offset Angle:\u00a0\u00a0<span class=\"typ-body-1\">22\u00b0<\/span><\/li>\n<li>Arm-height Adjustment Range:\u00a0 0 \u2013 6 mm<\/li>\n<li>Stylus Pressure Adjustment Range:\u00a0\u00a0<span class=\"typ-body-1\">0 \u2013 4 g (direct reading)<\/span><\/li>\n<li>Head Shell Weight:\u00a0\u00a0<span class=\"typ-body-1\">Approx. 7.6 g<\/span><\/li>\n<li>Applicable Cartridge Weight Range:\n<ul>\n<li><span class=\"typ-body-1\">Without the auxiliary weight 5.6 to 12.0 g,\u00a0 14.3 to 20.7 g (including the head shell)<\/span><\/li>\n<li><span class=\"typ-body-1\">With small auxiliary weight<\/span>\u00a0<span class=\"typ-body-1\">10.0 to 16.4 g<\/span>,\u00a0\u00a0<span class=\"typ-body-1\">18.7 to 25.1 g (including the head shell)<\/span><\/li>\n<li><span class=\"typ-body-1\">With large auxiliary weight<\/span>\u00a0<span class=\"typ-body-1\">14.3 to 19.8 g,\u00a0 23.0 to 28.5 g (including the head shell)<br \/>\n<\/span><\/li>\n<\/ul>\n<\/li>\n<li>Cartridge Mounting Dimension:\u00a0\u00a0<span class=\"typ-body-1\">JIS 12.7 mm Interval<\/span><\/li>\n<li>Head Shell Terminal Lug:\u00a0\u00a0<span class=\"typ-body-1\">1.2 mm \u03c6 4-pin Terminal Lug<\/span><\/li>\n<\/ul>\n<p><strong>Terminals<\/strong><\/p>\n<ul>\n<li>Audio Output:\u00a0\u00a0<span class=\"typ-body-1\">PHONO (Pin Jack), EARTH TERMINAL<\/span><\/li>\n<\/ul>\n<p><strong>General<\/strong><\/p>\n<ul>\n<li>Power Supply:\u00a0\u00a0<span class=\"typ-body-1\">AC 110 \u2013 240 V, 50 \/ 60 Hz<\/span><\/li>\n<li>Power Consumption: \u00a0\u00a0<span class=\"typ-body-1\">14 W A<\/span><span class=\"typ-body-1\">pprox.\u00a0<\/span><span class=\"typ-body-1\">0.2 W (standby)<\/span><\/li>\n<li>Black<\/li>\n<\/ul>\n<p><strong>Accessories<\/strong><\/p>\n<ul>\n<li><span class=\"typ-body-1\">Turntable<\/span><\/li>\n<li><span class=\"typ-body-1\">Turntable Mat<\/span><\/li>\n<li><span class=\"typ-body-1\">Dust Cover<\/span><\/li>\n<li><span class=\"typ-body-1\">EP Record Adaptor<\/span><\/li>\n<li><span class=\"typ-body-1\">Balance Weight<\/span><\/li>\n<li><span class=\"typ-body-1\">Auxiliary Weight Small<\/span><\/li>\n<li><span class=\"typ-body-1\">Auxiliary Weight Big<\/span><\/li>\n<li><span class=\"typ-body-1\">Head Shell<\/span><\/li>\n<li><span class=\"typ-body-1\">Overhang Gauge<\/span><\/li>\n<li><span class=\"typ-body-1\">Screw Set for Cartridge<\/span><\/li>\n<li><span class=\"typ-body-1\">PHONO Cable<\/span><\/li>\n<li><span class=\"typ-body-1\">PHONO Earth Lead<\/span><\/li>\n<li><span class=\"typ-body-1\">AC Mains Lead<\/span><\/li>\n<li><span class=\"typ-body-1\">Screw Set for Turntable<\/span><\/li>\n<li><span class=\"typ-body-1\">Owner\u2019s Manual<\/span><\/li>\n<\/ul>\n","protected":false},"excerpt":{"rendered":"<p>Technics SL-1210GEG &#8211; Kaikki tekniset tiedot l\u00f6ytyv\u00e4t valmistajan verkkosivuilta <span style=\"color: #0053a4;\"><a style=\"color: #0053a4;\" href=\"https:\/\/www.technics.com\/nz\/products\/grand-class\/sl1200g-series\/sl-1210geg-k.html\" target=\"_blank\" rel=\"noopener\">t\u00e4\u00e4lt\u00e4 &gt;&gt;<\/a><\/span><\/p>\n","protected":false},"featured_media":14499,"template":"","meta":{"_monsterinsights_skip_tracking":false,"_monsterinsights_sitenote_active":false,"_monsterinsights_sitenote_note":"","_monsterinsights_sitenote_category":0},"product_cat":[528,334,346],"product_tag":[455,458],"_links":{"self":[{"href":"https:\/\/eurolink.ee\/fi\/wp-json\/wp\/v2\/product\/11354"}],"collection":[{"href":"https:\/\/eurolink.ee\/fi\/wp-json\/wp\/v2\/product"}],"about":[{"href":"https:\/\/eurolink.ee\/fi\/wp-json\/wp\/v2\/types\/product"}],"version-history":[{"count":3,"href":"https:\/\/eurolink.ee\/fi\/wp-json\/wp\/v2\/product\/11354\/revisions"}],"predecessor-version":[{"id":16224,"href":"https:\/\/eurolink.ee\/fi\/wp-json\/wp\/v2\/product\/11354\/revisions\/16224"}],"wp:featuredmedia":[{"embeddable":true,"href":"https:\/\/eurolink.ee\/fi\/wp-json\/wp\/v2\/media\/14499"}],"wp:attachment":[{"href":"https:\/\/eurolink.ee\/fi\/wp-json\/wp\/v2\/media?parent=11354"}],"wp:term":[{"taxonomy":"product_cat","embeddable":true,"href":"https:\/\/eurolink.ee\/fi\/wp-json\/wp\/v2\/product_cat?post=11354"},{"taxonomy":"product_tag","embeddable":true,"href":"https:\/\/eurolink.ee\/fi\/wp-json\/wp\/v2\/product_tag?post=11354"}],"curies":[{"name":"wp","href":"https:\/\/api.w.org\/{rel}","templated":true}]}}