{"id":16151,"date":"2024-02-21T13:19:23","date_gmt":"2024-02-21T13:19:23","guid":{"rendered":"https:\/\/eurolink.ee\/product\/technics-sb-g90m2e-k-2\/"},"modified":"2024-02-21T18:20:05","modified_gmt":"2024-02-21T18:20:05","slug":"technics-sb-g90m2e-k-2","status":"publish","type":"product","link":"https:\/\/eurolink.ee\/fi\/tuote\/technics-sb-g90m2e-k-2\/","title":{"rendered":"Technics SB-G90M2E-K"},"content":{"rendered":"<p>Technical features:<\/p>\n<p>Advanced Phase Precision Driver<br \/>\nLinear Phase Plug<br \/>\nSmooth Flow Diaphragm<br \/>\nStationary Construction<br \/>\nBalanced Driver Mounting Architecture<br \/>\nStanding Wave Termination Structure<br \/>\nThe product is offered as a set of 1 peace<\/p>\n<p>SB-G90M2E-K<br \/>\nBrand: Technics<\/p>\n","protected":false},"excerpt":{"rendered":"<p>Technics SB-G90 &#8211; Kaikki tekniset tiedot l\u00f6ytyv\u00e4t valmistajan verkkosivuilta <span style=\"color: #0053a4;\"><a style=\"color: #0053a4;\" href=\"https:\/\/www.technics.com\/nz\/products\/grand-class\/speakers\/sb-g90m2e-k.html\" target=\"_blank\" rel=\"noopener\">t\u00e4\u00e4lt\u00e4 &gt;&gt;<\/a><\/span><\/p>\n","protected":false},"featured_media":14633,"template":"","meta":{"_monsterinsights_skip_tracking":false,"_monsterinsights_sitenote_active":false,"_monsterinsights_sitenote_note":"","_monsterinsights_sitenote_category":0},"product_cat":[528,361],"product_tag":[],"_links":{"self":[{"href":"https:\/\/eurolink.ee\/fi\/wp-json\/wp\/v2\/product\/16151"}],"collection":[{"href":"https:\/\/eurolink.ee\/fi\/wp-json\/wp\/v2\/product"}],"about":[{"href":"https:\/\/eurolink.ee\/fi\/wp-json\/wp\/v2\/types\/product"}],"version-history":[{"count":1,"href":"https:\/\/eurolink.ee\/fi\/wp-json\/wp\/v2\/product\/16151\/revisions"}],"predecessor-version":[{"id":16154,"href":"https:\/\/eurolink.ee\/fi\/wp-json\/wp\/v2\/product\/16151\/revisions\/16154"}],"wp:featuredmedia":[{"embeddable":true,"href":"https:\/\/eurolink.ee\/fi\/wp-json\/wp\/v2\/media\/14633"}],"wp:attachment":[{"href":"https:\/\/eurolink.ee\/fi\/wp-json\/wp\/v2\/media?parent=16151"}],"wp:term":[{"taxonomy":"product_cat","embeddable":true,"href":"https:\/\/eurolink.ee\/fi\/wp-json\/wp\/v2\/product_cat?post=16151"},{"taxonomy":"product_tag","embeddable":true,"href":"https:\/\/eurolink.ee\/fi\/wp-json\/wp\/v2\/product_tag?post=16151"}],"curies":[{"name":"wp","href":"https:\/\/api.w.org\/{rel}","templated":true}]}}