{"id":16211,"date":"2024-02-21T14:03:22","date_gmt":"2024-02-21T14:03:22","guid":{"rendered":"https:\/\/eurolink.ee\/product\/technics-sl-100cegk-2\/"},"modified":"2024-02-21T18:20:06","modified_gmt":"2024-02-21T18:20:06","slug":"technics-sl-100cegk-2","status":"publish","type":"product","link":"https:\/\/eurolink.ee\/fi\/tuote\/technics-sl-100cegk-2\/","title":{"rendered":"Technics SL-100CEGK"},"content":{"rendered":"<p><strong>Details<\/strong><\/p>\n<ul>\n<li>Size (W\u00a0x\u00a0H\u00a0x\u00a0D): 45.3\u00a0x\u00a016.9\u00a0x\u00a037.2\u00a0cm<\/li>\n<li>Weight: 9.9\u00a0kg<\/li>\n<li>Colour: black<\/li>\n<\/ul>\n<p><strong>Features<\/strong><\/p>\n<ul>\n<li>Turntable with a coreless direct drive motor\u00a0&#8211; for stable rotation<\/li>\n<li>Simple design, aesthetic functionality<\/li>\n<li>Audio Technica VM95C cartridge<\/li>\n<li>Accurate reading of musical signals<\/li>\n<li>Auto Lifter protects the needle during playback<\/li>\n<li>Turntable made of die-cast aluminium<\/li>\n<li>Turntable speeds: 33\u00a01\/3, 45, 78\u00a0rpm<\/li>\n<li>Build-up time: 0.7\u00a0secs. from standstill to 33\u00a01\/3 rpm<\/li>\n<li>Height-adjustable aluminium tonearm (range of height adjustment: 0-6\u00a0mm)<\/li>\n<li>Stylus pressure adjustment range: 0-4\u00a0g (direct reading)<\/li>\n<li>Brushless DC motor<\/li>\n<li>Electric brake<\/li>\n<li>Power supply via mains adapter (110-240\u00a0V, 50-60\u00a0Hz)<\/li>\n<li>Energy consumption: 8\u00a0W (standby approx. 0.2\u00a0W)<\/li>\n<\/ul>\n<p><strong>Included in delivery<\/strong><\/p>\n<ul>\n<li>Technics SL-100C turntable<\/li>\n<li>Phono cable<\/li>\n<li>Phono earth lead<\/li>\n<li>Mains cable<\/li>\n<\/ul>\n","protected":false},"excerpt":{"rendered":"<p>Technics SL-100C &#8211; Kaikki tekniset tiedot l\u00f6ytyv\u00e4t valmistajan verkkosivuilta <span style=\"color: #0053a4;\"><a style=\"color: #0053a4;\" href=\"https:\/\/www.technics.com\/uk\/products\/premium-class\/turntables\/sl-100c.html\" target=\"_blank\" rel=\"noopener\">t\u00e4\u00e4lt\u00e4 &gt;&gt;<\/a><\/span><\/p>\n","protected":false},"featured_media":14376,"template":"","meta":{"_monsterinsights_skip_tracking":false,"_monsterinsights_sitenote_active":false,"_monsterinsights_sitenote_note":"","_monsterinsights_sitenote_category":0},"product_cat":[528,364],"product_tag":[],"_links":{"self":[{"href":"https:\/\/eurolink.ee\/fi\/wp-json\/wp\/v2\/product\/16211"}],"collection":[{"href":"https:\/\/eurolink.ee\/fi\/wp-json\/wp\/v2\/product"}],"about":[{"href":"https:\/\/eurolink.ee\/fi\/wp-json\/wp\/v2\/types\/product"}],"version-history":[{"count":1,"href":"https:\/\/eurolink.ee\/fi\/wp-json\/wp\/v2\/product\/16211\/revisions"}],"predecessor-version":[{"id":16214,"href":"https:\/\/eurolink.ee\/fi\/wp-json\/wp\/v2\/product\/16211\/revisions\/16214"}],"wp:featuredmedia":[{"embeddable":true,"href":"https:\/\/eurolink.ee\/fi\/wp-json\/wp\/v2\/media\/14376"}],"wp:attachment":[{"href":"https:\/\/eurolink.ee\/fi\/wp-json\/wp\/v2\/media?parent=16211"}],"wp:term":[{"taxonomy":"product_cat","embeddable":true,"href":"https:\/\/eurolink.ee\/fi\/wp-json\/wp\/v2\/product_cat?post=16211"},{"taxonomy":"product_tag","embeddable":true,"href":"https:\/\/eurolink.ee\/fi\/wp-json\/wp\/v2\/product_tag?post=16211"}],"curies":[{"name":"wp","href":"https:\/\/api.w.org\/{rel}","templated":true}]}}