{"id":16279,"date":"2024-02-21T17:33:08","date_gmt":"2024-02-21T17:33:08","guid":{"rendered":"https:\/\/eurolink.ee\/product\/technics-sl-1500ceg-k\/"},"modified":"2024-02-21T18:20:08","modified_gmt":"2024-02-21T18:20:08","slug":"technics-sl-1500ceg-k","status":"publish","type":"product","link":"https:\/\/eurolink.ee\/fi\/tuote\/technics-sl-1500ceg-k\/","title":{"rendered":"Technics SL-1500CEG-K"},"content":{"rendered":"<h3><span class=\"fsize-md-16 shsize-xs-13\">Turntable section<\/span><\/h3>\n<dl>\n<dt><span class=\"fsize-md-13 shsize-xs-13\">Type<\/span><\/dt>\n<dd><span class=\"fsize-md-13 fsize-xs-13\">Direct Drive Manual Turntable<\/span><\/dd>\n<\/dl>\n<dl>\n<dt><span class=\"fsize-md-13 shsize-xs-13\">Turntable Speeds<\/span><\/dt>\n<dd><span class=\"fsize-md-13 fsize-xs-13\">33-1\/3, 45 and 78 r\/min<\/span><\/dd>\n<\/dl>\n<dl>\n<dt><span class=\"fsize-md-13 shsize-xs-13\">Starting Torque<\/span><\/dt>\n<dd><span class=\"fsize-md-13 fsize-xs-13\">0.18 N\u30fbm \/ 1.8 kg\uff65cm<\/span><\/dd>\n<\/dl>\n<dl>\n<dt><span class=\"fsize-md-13 shsize-xs-13\">Build-up Characteristics<\/span><\/dt>\n<dd><span class=\"fsize-md-13 fsize-xs-13\">0.7 s. from standstill to 33 1\/3 rpm<\/span><\/dd>\n<\/dl>\n<dl>\n<dt><span class=\"fsize-md-13 shsize-xs-13\">Wow And Flutter<\/span><\/dt>\n<dd><span class=\"fsize-md-13 fsize-xs-13\">0.025 % W.R.M.S.<\/span><\/dd>\n<\/dl>\n<dl>\n<dt><span class=\"fsize-md-13 shsize-xs-13\">Turntable Platter<\/span><\/dt>\n<dd><span class=\"fsize-md-13 fsize-xs-13\">Aluminium diecast<br \/>\nDiameter : 332 mm<br \/>\nWeight : Approx. 2.0 kg (Including rubber sheet)<\/span><\/dd>\n<\/dl>\n<h3><span class=\"fsize-md-16 shsize-xs-13\">Tonearm Section<\/span><\/h3>\n<dl>\n<dt><span class=\"fsize-md-13 shsize-xs-13\">Type<\/span><\/dt>\n<dd><span class=\"fsize-md-13 fsize-xs-13\">Universal Static Balance<\/span><\/dd>\n<\/dl>\n<dl>\n<dt><span class=\"fsize-md-13 shsize-xs-13\">Effective Length<\/span><\/dt>\n<dd><span class=\"fsize-md-13 fsize-xs-13\">230 mm<\/span><\/dd>\n<\/dl>\n<dl>\n<dt><span class=\"fsize-md-13 shsize-xs-13\">Overhang<\/span><\/dt>\n<dd><span class=\"fsize-md-13 fsize-xs-13\">15 mm<\/span><\/dd>\n<\/dl>\n<dl>\n<dt><span class=\"fsize-md-13 shsize-xs-13\">Tracking Error Angle<\/span><\/dt>\n<dd><span class=\"fsize-md-13 fsize-xs-13\">Within 2\u00b0 32&#8217;\u3000(at the outer groove of 30 cm (12&#8243;) record)<br \/>\nWithin 0\u00b0 32&#8217;\u3000(at the inner groove of 30 cm (12&#8243;) record)<\/span><\/dd>\n<\/dl>\n<dl>\n<dt><span class=\"fsize-md-13 shsize-xs-13\">Offset Angle<\/span><\/dt>\n<dd><span class=\"fsize-md-13 fsize-xs-13\">22\u00b0<\/span><\/dd>\n<\/dl>\n<dl>\n<dt><span class=\"fsize-md-13 shsize-xs-13\">Arm-height Adjustment Range<\/span><\/dt>\n<dd><span class=\"fsize-md-13 fsize-xs-13\">0 &#8211; 6 mm<\/span><\/dd>\n<\/dl>\n<dl>\n<dt><span class=\"fsize-md-13 shsize-xs-13\">Stylus Pressure Adjustment Range<\/span><\/dt>\n<dd><span class=\"fsize-md-13 fsize-xs-13\">0 &#8211; 4 g (Direct Reading)<\/span><\/dd>\n<\/dl>\n<dl>\n<dt><span class=\"fsize-md-13 shsize-xs-13\">Head Shell Weight<\/span><\/dt>\n<dd><span class=\"fsize-md-13 fsize-xs-13\">Approx. 7.6 g<\/span><\/dd>\n<\/dl>\n<dl>\n<dt><span class=\"fsize-md-13 shsize-xs-13\">Applicable Cartridge Weight Range<\/span><\/dt>\n<dd><span class=\"fsize-md-13 fsize-xs-13\">(without auxiliary weight)<br \/>\n5.6 &#8211; 12.0 g<br \/>\n14.3 &#8211; 20.7 g (including head shell)<br \/>\n(with auxiliary weight)<br \/>\n10.0 &#8211; 16.4 g<br \/>\n18.7 &#8211; 25.1 g (including head shell)<\/span><\/dd>\n<\/dl>\n<dl>\n<dt><span class=\"fsize-md-13 shsize-xs-13\">Head Shell Terminal Lug<\/span><\/dt>\n<dd><span class=\"fsize-md-13 fsize-xs-13\">1.2 mm\u03c6 4-pin terminal lug<\/span><\/dd>\n<\/dl>\n<h3><span class=\"fsize-md-16 shsize-xs-13\">Terminals<\/span><\/h3>\n<dl>\n<dt><span class=\"fsize-md-13 shsize-xs-13\">Audio Output<\/span><\/dt>\n<dd><span class=\"fsize-md-13 fsize-xs-13\">PHONO\u00a0 (Pin Jack) x 1<br \/>\nEARTH TERMINAL x 1<br \/>\nLINE (Pin Jack) x 1<\/span><\/dd>\n<\/dl>\n<h3><span class=\"fsize-md-16 shsize-xs-13\">General<\/span><\/h3>\n<dl>\n<dt><span class=\"fsize-md-13 shsize-xs-13\">Power Supply<\/span><\/dt>\n<dd><span class=\"fsize-md-13 fsize-xs-13\">AC 110 &#8211; 240 V, 50 \/ 60 Hz<\/span><\/dd>\n<\/dl>\n<dl>\n<dt><span class=\"fsize-md-13 shsize-xs-13\">Power Consumption<\/span><\/dt>\n<dd><span class=\"fsize-md-13 fsize-xs-13\">8 W<br \/>\nApprox. 0.2W (Standby)<\/span><\/dd>\n<\/dl>\n<dl>\n<dt><span class=\"fsize-md-13 shsize-xs-13\">Dimensions (W x H x D)<\/span><\/dt>\n<dd><span class=\"fsize-md-13 fsize-xs-13\">453 x 169 x 372 mm<\/span><\/dd>\n<\/dl>\n<dl>\n<dt><span class=\"fsize-md-13 shsize-xs-13\">Weight<\/span><\/dt>\n<dd><span class=\"fsize-md-13 fsize-xs-13\">Approx. 9.9 kg<\/span><\/dd>\n<\/dl>\n<dl>\n<dt><span class=\"fsize-md-13 shsize-xs-13\">Accessories<\/span><\/dt>\n<dd><span class=\"fsize-md-13 fsize-xs-13\">Turntable, Turntable sheet, Dust cover, EP record adaptor, Balance weight, Auxiliary weight, Head shell, Cartridge(ortofon 2M Red), PHONO cable, PHONO earth lead, AC power supply cord, Owner&#8217;s Manual<\/span><\/dd>\n<\/dl>\n","protected":false},"excerpt":{"rendered":"<p>Technics SL-1500C &#8211; Kaikki tekniset tiedot l\u00f6ytyv\u00e4t valmistajan verkkosivuilta <span style=\"color: #0053a4;\"><a style=\"color: #0053a4;\" href=\"https:\/\/www.technics.com\/fi\/products\/premium-class\/sl-1500c.html\" target=\"_blank\" rel=\"noopener\">t\u00e4\u00e4lt\u00e4 &gt;&gt;<\/a><\/span><\/p>\n","protected":false},"featured_media":16275,"template":"","meta":{"_monsterinsights_skip_tracking":false,"_monsterinsights_sitenote_active":false,"_monsterinsights_sitenote_note":"","_monsterinsights_sitenote_category":0},"product_cat":[528,364],"product_tag":[],"_links":{"self":[{"href":"https:\/\/eurolink.ee\/fi\/wp-json\/wp\/v2\/product\/16279"}],"collection":[{"href":"https:\/\/eurolink.ee\/fi\/wp-json\/wp\/v2\/product"}],"about":[{"href":"https:\/\/eurolink.ee\/fi\/wp-json\/wp\/v2\/types\/product"}],"version-history":[{"count":1,"href":"https:\/\/eurolink.ee\/fi\/wp-json\/wp\/v2\/product\/16279\/revisions"}],"predecessor-version":[{"id":16282,"href":"https:\/\/eurolink.ee\/fi\/wp-json\/wp\/v2\/product\/16279\/revisions\/16282"}],"wp:featuredmedia":[{"embeddable":true,"href":"https:\/\/eurolink.ee\/fi\/wp-json\/wp\/v2\/media\/16275"}],"wp:attachment":[{"href":"https:\/\/eurolink.ee\/fi\/wp-json\/wp\/v2\/media?parent=16279"}],"wp:term":[{"taxonomy":"product_cat","embeddable":true,"href":"https:\/\/eurolink.ee\/fi\/wp-json\/wp\/v2\/product_cat?post=16279"},{"taxonomy":"product_tag","embeddable":true,"href":"https:\/\/eurolink.ee\/fi\/wp-json\/wp\/v2\/product_tag?post=16279"}],"curies":[{"name":"wp","href":"https:\/\/api.w.org\/{rel}","templated":true}]}}