{"id":16329,"date":"2024-02-21T17:53:39","date_gmt":"2024-02-21T17:53:39","guid":{"rendered":"https:\/\/eurolink.ee\/product\/technics-sl-g700e-k-2\/"},"modified":"2024-02-21T18:20:09","modified_gmt":"2024-02-21T18:20:09","slug":"technics-sl-g700e-k-2","status":"publish","type":"product","link":"https:\/\/eurolink.ee\/fi\/tuote\/technics-sl-g700e-k-2\/","title":{"rendered":"Technics SL-G700E-K"},"content":{"rendered":"<table class=\"table specification-table\">\n<tbody>\n<tr>\n<th>Disc Compatibility<\/th>\n<td>Audio CD, CD-R\/CD-RW (CD-DA\/MP3\/WMA, Discs recorded and finalised on recording devices)<\/td>\n<\/tr>\n<tr>\n<th>Frequency Response<\/th>\n<td>2 Hz~20 kHz (-0.5 dB)<\/td>\n<\/tr>\n<tr>\n<th>Dynamic Range (IHF-A)<\/th>\n<td>100 dB<\/td>\n<\/tr>\n<tr>\n<th>Signal to Noise Ratio (IHF-A)<\/th>\n<td>117 dB<\/td>\n<\/tr>\n<tr>\n<th>THD+N<\/th>\n<td>0.0018 % (1 kHz, 0 dB)<\/td>\n<\/tr>\n<tr>\n<th>Analogue Output Terminal<\/th>\n<td>LINE x 1<\/td>\n<\/tr>\n<tr>\n<th>Digital Output Terminal<\/th>\n<td>Coaxial Digital x 1, Optical Digital x 1<\/td>\n<\/tr>\n<tr>\n<th>System Port<\/th>\n<td>System Control Input\/Output (\u03a63.5 mm Jack)<\/td>\n<\/tr>\n<tr>\n<th>Power Supply<\/th>\n<td>AC220-240 V, 50 Hz\/60 Hz<\/td>\n<\/tr>\n<tr>\n<th>Power Consumption<\/th>\n<td>10 W<\/td>\n<\/tr>\n<tr>\n<th>Dimensions (W x H x D)<\/th>\n<td>340 x 78 x 295 mm<\/td>\n<\/tr>\n<tr>\n<th>Weight<\/th>\n<td>Approx. 5.2 kg<\/td>\n<\/tr>\n<tr>\n<th>Accessories<\/th>\n<td>Coaxial Digital Cable, Control Cable, AC Cords, Operating Instructions<\/td>\n<\/tr>\n<\/tbody>\n<\/table>\n","protected":false},"excerpt":{"rendered":"<p>Technics SL-G700 &#8211; Kaikki tekniset tiedot l\u00f6ytyv\u00e4t valmistajan verkkosivuilta <span style=\"color: #0053a4;\"><a style=\"color: #0053a4;\" href=\"https:\/\/www.technics.com\/fi\/products\/grand-class\/g700-series\/sl-g700.html\" target=\"_blank\" rel=\"noopener\">t\u00e4\u00e4lt\u00e4 &gt;&gt;<\/a><\/span><\/p>\n","protected":false},"featured_media":16325,"template":"","meta":{"_monsterinsights_skip_tracking":false,"_monsterinsights_sitenote_active":false,"_monsterinsights_sitenote_note":"","_monsterinsights_sitenote_category":0},"product_cat":[528,355],"product_tag":[],"_links":{"self":[{"href":"https:\/\/eurolink.ee\/fi\/wp-json\/wp\/v2\/product\/16329"}],"collection":[{"href":"https:\/\/eurolink.ee\/fi\/wp-json\/wp\/v2\/product"}],"about":[{"href":"https:\/\/eurolink.ee\/fi\/wp-json\/wp\/v2\/types\/product"}],"version-history":[{"count":1,"href":"https:\/\/eurolink.ee\/fi\/wp-json\/wp\/v2\/product\/16329\/revisions"}],"predecessor-version":[{"id":16332,"href":"https:\/\/eurolink.ee\/fi\/wp-json\/wp\/v2\/product\/16329\/revisions\/16332"}],"wp:featuredmedia":[{"embeddable":true,"href":"https:\/\/eurolink.ee\/fi\/wp-json\/wp\/v2\/media\/16325"}],"wp:attachment":[{"href":"https:\/\/eurolink.ee\/fi\/wp-json\/wp\/v2\/media?parent=16329"}],"wp:term":[{"taxonomy":"product_cat","embeddable":true,"href":"https:\/\/eurolink.ee\/fi\/wp-json\/wp\/v2\/product_cat?post=16329"},{"taxonomy":"product_tag","embeddable":true,"href":"https:\/\/eurolink.ee\/fi\/wp-json\/wp\/v2\/product_tag?post=16329"}],"curies":[{"name":"wp","href":"https:\/\/api.w.org\/{rel}","templated":true}]}}