{"id":16357,"date":"2024-02-21T18:03:58","date_gmt":"2024-02-21T18:03:58","guid":{"rendered":"https:\/\/eurolink.ee\/product\/technics-su-c700eg-s-2\/"},"modified":"2024-02-21T18:20:10","modified_gmt":"2024-02-21T18:20:10","slug":"technics-su-c700eg-s-2","status":"publish","type":"product","link":"https:\/\/eurolink.ee\/fi\/tuote\/technics-su-c700eg-s-2\/","title":{"rendered":"Technics SU-C700EG-S"},"content":{"rendered":"","protected":false},"excerpt":{"rendered":"<p>Technics SU-C700 &#8211; Kaikki tekniset tiedot l\u00f6ytyv\u00e4t valmistajan verkkosivuilta <span style=\"color: #0053a4;\"><a style=\"color: #0053a4;\" href=\"https:\/\/www.technics.com\/fi\/products\/premium-class\/c700-series\/su-c700.html\" target=\"_blank\" rel=\"noopener\">t\u00e4\u00e4lt\u00e4 &gt;&gt;<\/a><\/span><\/p>\n","protected":false},"featured_media":13792,"template":"","meta":{"_monsterinsights_skip_tracking":false,"_monsterinsights_sitenote_active":false,"_monsterinsights_sitenote_note":"","_monsterinsights_sitenote_category":0},"product_cat":[528,355],"product_tag":[],"_links":{"self":[{"href":"https:\/\/eurolink.ee\/fi\/wp-json\/wp\/v2\/product\/16357"}],"collection":[{"href":"https:\/\/eurolink.ee\/fi\/wp-json\/wp\/v2\/product"}],"about":[{"href":"https:\/\/eurolink.ee\/fi\/wp-json\/wp\/v2\/types\/product"}],"version-history":[{"count":1,"href":"https:\/\/eurolink.ee\/fi\/wp-json\/wp\/v2\/product\/16357\/revisions"}],"predecessor-version":[{"id":16360,"href":"https:\/\/eurolink.ee\/fi\/wp-json\/wp\/v2\/product\/16357\/revisions\/16360"}],"wp:featuredmedia":[{"embeddable":true,"href":"https:\/\/eurolink.ee\/fi\/wp-json\/wp\/v2\/media\/13792"}],"wp:attachment":[{"href":"https:\/\/eurolink.ee\/fi\/wp-json\/wp\/v2\/media?parent=16357"}],"wp:term":[{"taxonomy":"product_cat","embeddable":true,"href":"https:\/\/eurolink.ee\/fi\/wp-json\/wp\/v2\/product_cat?post=16357"},{"taxonomy":"product_tag","embeddable":true,"href":"https:\/\/eurolink.ee\/fi\/wp-json\/wp\/v2\/product_tag?post=16357"}],"curies":[{"name":"wp","href":"https:\/\/api.w.org\/{rel}","templated":true}]}}