{"id":16514,"date":"2024-04-22T05:46:18","date_gmt":"2024-04-22T05:46:18","guid":{"rendered":"https:\/\/eurolink.ee\/product\/panasonic-aj-pg50e\/"},"modified":"2024-04-22T05:49:41","modified_gmt":"2024-04-22T05:49:41","slug":"panasonic-aj-pg50e","status":"publish","type":"product","link":"https:\/\/eurolink.ee\/fi\/tuote\/panasonic-aj-pg50e\/","title":{"rendered":"Panasonic AJ-PG50E"},"content":{"rendered":"<h2 id=\"features\" class=\"topic-ttl\">FEATURES<\/h2>\n<dl>\n<dt>Versatile Recording Format<\/dt>\n<dd>\n<ul>\n<li>AVC-ULTRA Includes High-Quality AVC-Intra200 Codec<\/li>\n<li>HD\/SD Multi Format\/Multi Codec<\/li>\n<li>microP2 Card Slots<\/li>\n<li>Card Slots 2+1 for Multifunctional Recording<\/li>\n<li>High-Quality 24 bit Audio Recording<\/li>\n<\/ul>\n<\/dd>\n<dt>Broadcast Functions<\/dt>\n<dd>\n<ul>\n<li>Small, Lightweight and Battery Operated<\/li>\n<li>Diverse Playback Functions<\/li>\n<li>User Buttons\/User Files<\/li>\n<li>Thumbnail, Image and Waveform Display on an 8.76 cm (3-1\/2 inches) LCD<\/li>\n<li>USB 3.0 High-Speed Transfer Interface<\/li>\n<li>3G-SDI Inputs\/Outputs<\/li>\n<li>HDMI Digital HD Input\/Output<\/li>\n<li>Analog Input\/Output<\/li>\n<\/ul>\n<\/dd>\n<dt>Network solutions<\/dt>\n<dd>\n<ul>\n<li>Wired\/Wireless LAN Network Functions<\/li>\n<li>File Transfer and Streaming with 4G\/LTE Support<\/li>\n<li>Compatible with the IoT Cloud Platform MB<\/li>\n<li>4G\/LTE Network Connectivity<\/li>\n<li>RTMP\/RTMPS\/RTSP Compatible Full-HD Streaming<\/li>\n<\/ul>\n<\/dd>\n<\/dl>\n","protected":false},"excerpt":{"rendered":"<p>A portable field recorder with AVC-ULTRA*<sup>1<\/sup>\u00a0codec and microP2 card*<sup>2<\/sup> compatibility, HDMI input\/output, and data transfer over a network<\/p>\n<p>Panasonic AJ-PG50 &#8211; Kaikki tekniset tiedot l\u00f6ytyv\u00e4t valmistajan verkkosivuilta\u00a0<a href=\"https:\/\/pro-av.panasonic.net\/en\/products\/aj-pg50\/\" target=\"_blank\" rel=\"noopener\">t\u00e4\u00e4lt\u00e4 &gt;&gt;<\/a><\/p>\n","protected":false},"featured_media":16494,"template":"","meta":{"_monsterinsights_skip_tracking":false,"_monsterinsights_sitenote_active":false,"_monsterinsights_sitenote_note":"","_monsterinsights_sitenote_category":0},"product_cat":[300],"product_tag":[],"_links":{"self":[{"href":"https:\/\/eurolink.ee\/fi\/wp-json\/wp\/v2\/product\/16514"}],"collection":[{"href":"https:\/\/eurolink.ee\/fi\/wp-json\/wp\/v2\/product"}],"about":[{"href":"https:\/\/eurolink.ee\/fi\/wp-json\/wp\/v2\/types\/product"}],"version-history":[{"count":2,"href":"https:\/\/eurolink.ee\/fi\/wp-json\/wp\/v2\/product\/16514\/revisions"}],"predecessor-version":[{"id":16521,"href":"https:\/\/eurolink.ee\/fi\/wp-json\/wp\/v2\/product\/16514\/revisions\/16521"}],"wp:featuredmedia":[{"embeddable":true,"href":"https:\/\/eurolink.ee\/fi\/wp-json\/wp\/v2\/media\/16494"}],"wp:attachment":[{"href":"https:\/\/eurolink.ee\/fi\/wp-json\/wp\/v2\/media?parent=16514"}],"wp:term":[{"taxonomy":"product_cat","embeddable":true,"href":"https:\/\/eurolink.ee\/fi\/wp-json\/wp\/v2\/product_cat?post=16514"},{"taxonomy":"product_tag","embeddable":true,"href":"https:\/\/eurolink.ee\/fi\/wp-json\/wp\/v2\/product_tag?post=16514"}],"curies":[{"name":"wp","href":"https:\/\/api.w.org\/{rel}","templated":true}]}}