{"id":16543,"date":"2024-04-22T06:33:55","date_gmt":"2024-04-22T06:33:55","guid":{"rendered":"https:\/\/eurolink.ee\/product\/panasonic-ag-umr20\/"},"modified":"2024-04-22T06:36:09","modified_gmt":"2024-04-22T06:36:09","slug":"panasonic-ag-umr20","status":"publish","type":"product","link":"https:\/\/eurolink.ee\/fi\/tuote\/panasonic-ag-umr20\/","title":{"rendered":"Panasonic AG-UMR20"},"content":{"rendered":"<p>\u201cPOVCAM\u201d with a Compact, Lightweight, Free Style Shooting and IP Network Capability<\/p>\n<p>A Compact, Lightweight, Free-Style Shooting<br \/>\nInheriting the features of the first-generation POVCAM plus the operating ease of a touch panel.<\/p>\n<p>Network Operation for IP Control and IP Streaming<br \/>\nLAN connection enables zooming and real-time video monitoring with a PC or tablet.<\/p>\n<p>Double SDXC Memory Card Slots<br \/>\nExtended recording capability with large-capacity SDXC Memory Cards and Relay Recording.<\/p>\n<p>High-Quality, Newly Designed 4K* (UHD) Camera Head<br \/>\nFeaturing a high-resolution, progressive MOS sensor and 29.5mm (35 mm equivalent) wide-angle optical 20x zoom lens.<\/p>\n<p>* 4K acquisition is possible only when connected to the AG-UCK20GJ Compact Camera Head. 4K refers to UHD (3840 x 2160) resolution. The maximum resolution in 4K shooting mode via HDMI\/SDI output is FHD (1920 x 1080) 59.94i\/50i.<\/p>\n","protected":false},"excerpt":{"rendered":"<p>A Compact Recorder with Versatile Operation for Broadcasting, Video Production, Live Streaming and more.<\/p>\n<p>Panasonic AG-UMR20 \u2013 Kaikki tekniset tiedot l\u00f6ytyv\u00e4t valmistajan verkkosivuilta <a href=\"https:\/\/pro-av.panasonic.net\/en\/products\/ag-umr20_uck20gj\/\" target=\"_blank\" rel=\"noopener\">t\u00e4\u00e4lt\u00e4 &gt;&gt;<\/a><\/p>\n","protected":false},"featured_media":16535,"template":"","meta":{"_monsterinsights_skip_tracking":false,"_monsterinsights_sitenote_active":false,"_monsterinsights_sitenote_note":"","_monsterinsights_sitenote_category":0},"product_cat":[300],"product_tag":[],"_links":{"self":[{"href":"https:\/\/eurolink.ee\/fi\/wp-json\/wp\/v2\/product\/16543"}],"collection":[{"href":"https:\/\/eurolink.ee\/fi\/wp-json\/wp\/v2\/product"}],"about":[{"href":"https:\/\/eurolink.ee\/fi\/wp-json\/wp\/v2\/types\/product"}],"version-history":[{"count":1,"href":"https:\/\/eurolink.ee\/fi\/wp-json\/wp\/v2\/product\/16543\/revisions"}],"predecessor-version":[{"id":16547,"href":"https:\/\/eurolink.ee\/fi\/wp-json\/wp\/v2\/product\/16543\/revisions\/16547"}],"wp:featuredmedia":[{"embeddable":true,"href":"https:\/\/eurolink.ee\/fi\/wp-json\/wp\/v2\/media\/16535"}],"wp:attachment":[{"href":"https:\/\/eurolink.ee\/fi\/wp-json\/wp\/v2\/media?parent=16543"}],"wp:term":[{"taxonomy":"product_cat","embeddable":true,"href":"https:\/\/eurolink.ee\/fi\/wp-json\/wp\/v2\/product_cat?post=16543"},{"taxonomy":"product_tag","embeddable":true,"href":"https:\/\/eurolink.ee\/fi\/wp-json\/wp\/v2\/product_tag?post=16543"}],"curies":[{"name":"wp","href":"https:\/\/api.w.org\/{rel}","templated":true}]}}