{"id":10405,"date":"2022-07-24T17:49:54","date_gmt":"2022-07-24T17:49:54","guid":{"rendered":"https:\/\/eurolink.ee\/product\/panasonic-aw-ue20w-k-4k\/"},"modified":"2024-02-21T18:22:31","modified_gmt":"2024-02-21T18:22:31","slug":"panasonic-aw-ue20w-k-4k","status":"publish","type":"product","link":"https:\/\/eurolink.ee\/ru\/product\/panasonic-aw-ue20w-k-4k\/","title":{"rendered":"Panasonic AW-UE20W\/K 4K"},"content":{"rendered":"<p><iframe loading=\"lazy\" title=\"YouTube video player\" src=\"https:\/\/www.youtube.com\/embed\/RYypDfToxRA\" width=\"560\" height=\"315\" frameborder=\"0\" allowfullscreen=\"allowfullscreen\"><\/iframe><\/p>\n<table width=\"500\" cellspacing=\"5\" cellpadding=\"5\">\n<tbody>\n<tr>\n<td valign=\"top\" width=\"50%\"><b>Power Requirements<\/b><\/td>\n<td valign=\"top\">DC12 V \u00b1 10 % (10.8 V to 13.2 V) (Supplied AC adapter)<\/td>\n<\/tr>\n<tr>\n<td valign=\"top\"><b>PoE+<\/b><\/td>\n<td valign=\"top\">IEEE802.3 at compliant<\/td>\n<\/tr>\n<tr>\n<td valign=\"top\"><b>Ambient Operating Temperature<\/b><\/td>\n<td valign=\"top\">0 \u00b0C to 40 \u00b0C (32\u2109 to 104\u2109)<\/td>\n<\/tr>\n<tr>\n<td valign=\"top\"><b>Ambient Operating Humidity<\/b><\/td>\n<td valign=\"top\">20 % to 90 % (no condensation)<\/td>\n<\/tr>\n<tr>\n<td valign=\"top\"><b>Storage Temperature<\/b><\/td>\n<td valign=\"top\">-20\u00b0C to 50\u00b0C (-4 \u00b0F to 122 \u00b0F)<\/td>\n<\/tr>\n<tr>\n<td valign=\"top\"><b>Finish<\/b><\/td>\n<td valign=\"top\">AW-HE20W: White, AW-HE20K: Black<\/td>\n<\/tr>\n<tr>\n<td valign=\"top\"><b>Controller Supported<\/b><\/td>\n<td valign=\"top\">AW-RP150GJ, AW-RP60GJ, AW-RM50AG<\/td>\n<\/tr>\n<tr>\n<td valign=\"top\"><b>Image Sensor<\/b><\/td>\n<td valign=\"top\">1\/2.8-type MOS\u00d71<\/td>\n<\/tr>\n<tr>\n<td valign=\"top\"><b>Lens<\/b><\/td>\n<td valign=\"top\">Electric 12 x optical zoom F1.6~F2.8 (f = 3.9 mm ~ 46.8 mm)<\/td>\n<\/tr>\n<tr>\n<td valign=\"top\"><b>Zoom<\/b><\/td>\n<td valign=\"top\">Optical zoom: 12 x<\/td>\n<\/tr>\n<tr>\n<td valign=\"top\"><b>Angle of View Range<\/b><\/td>\n<td valign=\"top\">Horizontal angle of view: 71\u00b0 (wide) to 6\u00b0 (tele)Vertical angle of view: 43\u00b0 (wide) to 3\u00b0 (tele)Diagonal angle of view: 79\u00b0 (wide) to 7\u00b0 (tele)<\/td>\n<\/tr>\n<tr>\n<td valign=\"top\"><b>Output Format &#8212; HDMI &#8212; HD<\/b><\/td>\n<td valign=\"top\">1080\/60p, 1080\/59.94p, 1080\/50p, 1080\/60i, 1080\/59.94i, 1080\/50i,<\/td>\n<\/tr>\n<tr>\n<td valign=\"top\"><\/td>\n<td valign=\"top\">1080\/30p,1080\/29.97p,<\/td>\n<\/tr>\n<tr>\n<td valign=\"top\"><\/td>\n<td valign=\"top\">1080\/25p, 720\/60p, 720\/59.94p, 720\/50p<\/td>\n<\/tr>\n<tr>\n<td valign=\"top\"><b>Output Format &#8212; SDI &#8212; HD<\/b><\/td>\n<td valign=\"top\">1080\/60p, 1080\/59.94p, 1080\/50p, 1080\/60i, 1080\/59.94i, 1080\/50i,1080\/30p,<\/td>\n<\/tr>\n<tr>\n<td valign=\"top\"><\/td>\n<td valign=\"top\">1080\/29.97p,<\/td>\n<\/tr>\n<tr>\n<td valign=\"top\"><\/td>\n<td valign=\"top\">1080\/25p, 720\/60p, 720\/59.94p, 720\/50p<\/td>\n<\/tr>\n<tr>\n<td valign=\"top\"><b>Input<\/b><\/td>\n<td valign=\"top\">DC 12 V IN<\/td>\n<\/tr>\n<tr>\n<td valign=\"top\"><b>Video Output<\/b><\/td>\n<td valign=\"top\">HDMI, 3G-SDI OUT<\/td>\n<\/tr>\n<tr>\n<td valign=\"top\"><b>Input\/Output Connector<\/b><\/td>\n<td valign=\"top\">LAN, RS-422, AUDIO IN, USB, RS-232C IN, RS-232C OUT<\/td>\n<\/tr>\n<tr>\n<td valign=\"top\"><b>Installation Method<\/b><\/td>\n<td valign=\"top\">Stand-alone (Desktop) or suspended (Hanging)*1<\/td>\n<\/tr>\n<tr>\n<td valign=\"top\"><b>Panning Range<\/b><\/td>\n<td valign=\"top\">\u00b1170\u00b0<\/td>\n<\/tr>\n<tr>\n<td valign=\"top\"><b>Tilting Range<\/b><\/td>\n<td valign=\"top\">-30\u00b0~90\u00b0 *2<\/td>\n<\/tr>\n<tr>\n<td valign=\"top\"><b>Quietness<\/b><\/td>\n<td valign=\"top\">NC40 or less<\/td>\n<\/tr>\n<tr>\n<td valign=\"top\"><b>Supported operating systems and web browsers<\/b><\/td>\n<td valign=\"top\">*3<\/td>\n<\/tr>\n<tr>\n<td valign=\"top\"><b>Windows<\/b><\/td>\n<td valign=\"top\">Windows 10<\/td>\n<\/tr>\n<tr>\n<td valign=\"top\"><\/td>\n<td valign=\"top\">Windows\u00ae Internet Explorer\u00ae 11 (32 bit \/ 64 bit)<\/td>\n<\/tr>\n<tr>\n<td valign=\"top\"><\/td>\n<td valign=\"top\">Microsoft Edge<\/td>\n<\/tr>\n<tr>\n<td valign=\"top\"><\/td>\n<td valign=\"top\">Google Chrome<\/td>\n<\/tr>\n<tr>\n<td valign=\"top\"><b>Mac<\/b><\/td>\n<td valign=\"top\">Mac OS 10.15<\/td>\n<\/tr>\n<tr>\n<td valign=\"top\"><\/td>\n<td valign=\"top\">Mac OS 10.14<\/td>\n<\/tr>\n<tr>\n<td valign=\"top\"><\/td>\n<td valign=\"top\">Mac OS 10.13<\/td>\n<\/tr>\n<tr>\n<td valign=\"top\"><\/td>\n<td valign=\"top\">Mac OS 10.12<\/td>\n<\/tr>\n<tr>\n<td valign=\"top\"><\/td>\n<td valign=\"top\">Safari<\/td>\n<\/tr>\n<tr>\n<td valign=\"top\"><\/td>\n<td valign=\"top\">Google Chrome<\/td>\n<\/tr>\n<tr>\n<td valign=\"top\"><b>Image Streaming Mode<\/b><\/td>\n<td valign=\"top\">JPEG(MJPEG), H.264, H.265<\/td>\n<\/tr>\n<tr>\n<td valign=\"top\"><b>Image Resolution<\/b><\/td>\n<td valign=\"top\">1920\u00d71080, 1280\u00d7720, 640\u00d7360<\/td>\n<\/tr>\n<tr>\n<td valign=\"top\"><b>Note<\/b><\/td>\n<td valign=\"top\">*1 To ensure safety, the unit must be secured using the mount bracket supplied.<\/td>\n<\/tr>\n<tr>\n<td valign=\"top\"><\/td>\n<td valign=\"top\">*2 The main unit may appear in the video depending on the pan\/tilt position.<\/td>\n<\/tr>\n<tr>\n<td valign=\"top\"><\/td>\n<td valign=\"top\">*3 Supported OS indicated are for browsers current as of September 2021. See<\/td>\n<\/tr>\n<tr>\n<td valign=\"top\"><\/td>\n<td valign=\"top\">\u201cService and Support \/ PASS\u201d for the latest information on browser support.<\/td>\n<\/tr>\n<\/tbody>\n<\/table>\n<p><span class=\"bolded\">Entry model suitable for use in small meeting rooms and small classrooms.<\/span><br \/>\nPTZ cameras play an increasingly important role in teleworking such as online meetings and online classes. The AW-HE20 offers high image quality, wide shooting angle and high-magnification zoom to provide more comfortable communication through high-quality video images and stable transmission. The AW-HE20 is compatible with a wide range of systems such as SDI, HDMI, USB and IP, thus allowing flexible camera setup and operation. The AW-HE20 is a high-quality entry model. The compact unit can be installed in a small place without getting in the way.\u00a0The HE20 has a newly-designed and compact body, which makes it very easy to handle and to install in any kind of setting, especially when positioning the camera on trusses, ceilings or wall mounts for class rooms and meetings rooms.<\/p>\n<p><span class=\"bolded\">High-quality video streaming for more comfortable online communication<\/span><\/p>\n<ul>\n<li>Wide shooting range and high-magnification zoom deliver \u201cthe ambience of hall\u201d intact<\/li>\n<li>Auto Tracing software accurately follows and captures the speaker<\/li>\n<\/ul>\n<p><span class=\"bolded\">Excellent system flexibility to achieve smart wiring and smooth operation<\/span><\/p>\n<ul>\n<li>Easy installation\/setup and compact system configuration<\/li>\n<li>Single PC or controller can manage and control multiple cameras<\/li>\n<li>Can be used as USB camera<\/li>\n<li>Direct upload of videos to video livestreaming services<\/li>\n<\/ul>\n<p><span class=\"bolded\">Compact size and excellent functionality that do not disturb the existing video streaming environment<\/span><\/p>\n<ul>\n<li>Compact design blends in with the surroundings. Light weight and small size for added installation flexibility<\/li>\n<li>Linkable with existing system<\/li>\n<\/ul>\n","protected":false},"excerpt":{"rendered":"<p>\u041f\u043e\u0434\u0440\u043e\u0431\u043d\u0430\u044f \u0441\u043f\u0435\u0446\u0438\u0444\u0438\u043a\u0430\u0446\u0438\u044f \u0434\u043e\u0441\u0442\u0443\u043f\u043d\u0430 \u043d\u0430 \u0441\u0430\u0439\u0442\u0435 \u043f\u0440\u043e\u0438\u0437\u0432\u043e\u0434\u0438\u0442\u0435\u043b\u044f <span style=\"color: #0053a4\"><a style=\"color: #0053a4\" href=\"https:\/\/eu.connect.panasonic.com\/global\/ru\/products\/broadcast-proav\/aw-ue20\" target=\"_blank\" rel=\"noopener\">\u0437\u0434\u0435\u0441\u044c &gt;&gt;<\/a><\/span><\/p>\n","protected":false},"featured_media":12397,"template":"","meta":{"_monsterinsights_skip_tracking":false,"_monsterinsights_sitenote_active":false,"_monsterinsights_sitenote_note":"","_monsterinsights_sitenote_category":0},"product_cat":[530,320],"product_tag":[],"_links":{"self":[{"href":"https:\/\/eurolink.ee\/ru\/wp-json\/wp\/v2\/product\/10405"}],"collection":[{"href":"https:\/\/eurolink.ee\/ru\/wp-json\/wp\/v2\/product"}],"about":[{"href":"https:\/\/eurolink.ee\/ru\/wp-json\/wp\/v2\/types\/product"}],"version-history":[{"count":5,"href":"https:\/\/eurolink.ee\/ru\/wp-json\/wp\/v2\/product\/10405\/revisions"}],"predecessor-version":[{"id":14234,"href":"https:\/\/eurolink.ee\/ru\/wp-json\/wp\/v2\/product\/10405\/revisions\/14234"}],"wp:featuredmedia":[{"embeddable":true,"href":"https:\/\/eurolink.ee\/ru\/wp-json\/wp\/v2\/media\/12397"}],"wp:attachment":[{"href":"https:\/\/eurolink.ee\/ru\/wp-json\/wp\/v2\/media?parent=10405"}],"wp:term":[{"taxonomy":"product_cat","embeddable":true,"href":"https:\/\/eurolink.ee\/ru\/wp-json\/wp\/v2\/product_cat?post=10405"},{"taxonomy":"product_tag","embeddable":true,"href":"https:\/\/eurolink.ee\/ru\/wp-json\/wp\/v2\/product_tag?post=10405"}],"curies":[{"name":"wp","href":"https:\/\/api.w.org\/{rel}","templated":true}]}}